{"id":187,"date":"2026-04-10T01:40:17","date_gmt":"2026-04-10T01:40:17","guid":{"rendered":"https:\/\/tiemnhamay.azdigi.shop\/?post_type=product&#038;p=187"},"modified":"2026-04-18T02:57:34","modified_gmt":"2026-04-18T02:57:34","slug":"set-do-nu-toi-gian","status":"publish","type":"product","link":"https:\/\/tiemnhamay.azdigi.shop\/index.php\/san-pham\/set-do-nu-toi-gian\/","title":{"rendered":"Set \u0111\u1ed3 n\u1eef t\u1ed1i gi\u1ea3n thanh l\u1ecbch \u2013 Phong c\u00e1ch basic H\u00e0n Qu\u1ed1c"},"content":{"rendered":"<p data-start=\"273\" data-end=\"549\"><strong data-start=\"288\" data-end=\"310\"><span dir=\"auto\" style=\"vertical-align: inherit;\"><span dir=\"auto\" style=\"vertical-align: inherit;\">In today&#8217;s minimalist women&#8217;s fashion<\/span><\/span><\/strong><span dir=\"auto\" style=\"vertical-align: inherit;\"><span dir=\"auto\" style=\"vertical-align: inherit;\"> trend <\/span><span dir=\"auto\" style=\"vertical-align: inherit;\">, matching outfits are always popular due to their convenience, sophistication, and versatility in various situations. If you&#8217;re looking for a style that&#8217;s both elegant and youthful, this is definitely an option you shouldn&#8217;t miss.<\/span><\/span><\/p>\n<p data-start=\"551\" data-end=\"830\"><span dir=\"auto\" style=\"vertical-align: inherit;\"><span dir=\"auto\" style=\"vertical-align: inherit;\">This minimalist Korean-style women&#8217;s outfit offers a light yet striking look. The basic design makes it easy to pair with accessories like handbags, sneakers, or sandals. You can find more products at \ud83d\udc49 <\/span><\/span><strong data-start=\"778\" data-end=\"802\"><span dir=\"auto\" style=\"vertical-align: inherit;\"><span dir=\"auto\" style=\"vertical-align: inherit;\">\/category\/women&#8217;s-clothing<\/span><\/span><\/strong><span dir=\"auto\" style=\"vertical-align: inherit;\"><span dir=\"auto\" style=\"vertical-align: inherit;\"> for more diverse mix &amp; match options.<\/span><\/span><\/p>\n<p data-start=\"832\" data-end=\"1017\"><span dir=\"auto\" style=\"vertical-align: inherit;\"><span dir=\"auto\" style=\"vertical-align: inherit;\">The high-quality, soft, and breathable fabric ensures the wearer feels comfortable all day long. In particular, the flattering fit accentuates the natural figure and effectively conceals imperfections.<\/span><\/span><\/p>\n<p data-start=\"1019\" data-end=\"1040\"><span dir=\"auto\" style=\"vertical-align: inherit;\"><span dir=\"auto\" style=\"vertical-align: inherit;\">\ud83d\udd39 Key advantages:<\/span><\/span><\/p>\n<ul data-start=\"1041\" data-end=\"1177\">\n<li data-section-id=\"iot3aa\" data-start=\"1041\" data-end=\"1074\"><span dir=\"auto\" style=\"vertical-align: inherit;\"><span dir=\"auto\" style=\"vertical-align: inherit;\">Minimalist design, easy to match with other clothes.<\/span><\/span><\/li>\n<li data-section-id=\"e6unha\" data-start=\"1075\" data-end=\"1107\"><span dir=\"auto\" style=\"vertical-align: inherit;\"><span dir=\"auto\" style=\"vertical-align: inherit;\">The fabric is soft, smooth, and breathable.<\/span><\/span><\/li>\n<li data-section-id=\"1qjsmeu\" data-start=\"1108\" data-end=\"1143\"><span dir=\"auto\" style=\"vertical-align: inherit;\"><span dir=\"auto\" style=\"vertical-align: inherit;\">Suitable for going to school, work, or strolling around town.<\/span><\/span><\/li>\n<li data-section-id=\"1ju63wr\" data-start=\"1144\" data-end=\"1177\"><span dir=\"auto\" style=\"vertical-align: inherit;\"><span dir=\"auto\" style=\"vertical-align: inherit;\">Enhances figure and hides imperfections well.<\/span><\/span><\/li>\n<\/ul>\n<p data-start=\"1179\" data-end=\"1203\"><span dir=\"auto\" style=\"vertical-align: inherit;\"><span dir=\"auto\" style=\"vertical-align: inherit;\">\ud83d\udd39 Storage instructions:<\/span><\/span><\/p>\n<ul data-start=\"1204\" data-end=\"1289\">\n<li data-section-id=\"1wvputk\" data-start=\"1204\" data-end=\"1242\"><span dir=\"auto\" style=\"vertical-align: inherit;\"><span dir=\"auto\" style=\"vertical-align: inherit;\">Wash gently, do not use harsh detergents.<\/span><\/span><\/li>\n<li data-section-id=\"lj3yil\" data-start=\"1243\" data-end=\"1266\"><span dir=\"auto\" style=\"vertical-align: inherit;\"><span dir=\"auto\" style=\"vertical-align: inherit;\">Dry in a well-ventilated area.<\/span><\/span><\/li>\n<li data-section-id=\"1v7sif9\" data-start=\"1267\" data-end=\"1289\"><span dir=\"auto\" style=\"vertical-align: inherit;\"><span dir=\"auto\" style=\"vertical-align: inherit;\">Iron at low temperature.<\/span><\/span><\/li>\n<\/ul>\n<p data-start=\"1291\" data-end=\"1409\"><span dir=\"auto\" style=\"vertical-align: inherit;\"><span dir=\"auto\" style=\"vertical-align: inherit;\">You can also check out the latest fashion trends at \ud83d\udc49 <\/span><\/span><a class=\"decorated-link\" href=\"https:\/\/www.vogue.com\/fashion\" target=\"_new\" rel=\"noopener\" data-start=\"1347\" data-end=\"1376\"><span dir=\"auto\" style=\"vertical-align: inherit;\"><span dir=\"auto\" style=\"vertical-align: inherit;\">https:\/\/www.vogue.com\/fashion<\/span><\/span><\/a><span dir=\"auto\" style=\"vertical-align: inherit;\"><span dir=\"auto\" style=\"vertical-align: inherit;\"> to stay updated on the newest styles.<\/span><\/span><\/p>\n<p data-start=\"1411\" data-end=\"1488\"><span dir=\"auto\" style=\"vertical-align: inherit;\"><span dir=\"auto\" style=\"vertical-align: inherit;\">Grab this <\/span><\/span><strong data-start=\"1433\" data-end=\"1455\"><span dir=\"auto\" style=\"vertical-align: inherit;\"><span dir=\"auto\" style=\"vertical-align: inherit;\">minimalist women&#8217;s outfit set<\/span><\/span><\/strong><span dir=\"auto\" style=\"vertical-align: inherit;\"><span dir=\"auto\" style=\"vertical-align: inherit;\"> now to elevate your style every day!<\/span><\/span><\/p>\n","protected":false},"excerpt":{"rendered":"<p data-start=\"1299\" data-end=\"1426\"><span dir=\"auto\" style=\"vertical-align: inherit;\"><span dir=\"auto\" style=\"vertical-align: inherit;\">This minimalist Korean-style women&#8217;s outfit features a basic design that&#8217;s easy to mix and match, made from soft, smooth, and breathable fabric, perfect for school, work, and casual outings.<\/span><\/span><\/p>\n","protected":false},"featured_media":208,"comment_status":"open","ping_status":"closed","template":"","meta":[],"product_brand":[],"product_cat":[29],"product_tag":[],"class_list":{"0":"post-187","1":"product","2":"type-product","3":"status-publish","4":"has-post-thumbnail","6":"product_cat-cong-so","8":"first","9":"instock","10":"shipping-taxable","11":"purchasable","12":"product-type-variable"},"yoast_head":"<!-- This site is optimized with the Yoast SEO plugin v26.9 - https:\/\/yoast.com\/product\/yoast-seo-wordpress\/ -->\n<title>Set \u0111\u1ed3 n\u1eef t\u1ed1i gi\u1ea3n thanh l\u1ecbch \u2013 Phong c\u00e1ch basic H\u00e0n Qu\u1ed1c - Tiemnhamay<\/title>\n<meta name=\"description\" content=\"Set \u0111\u1ed3 n\u1eef t\u1ed1i gi\u1ea3n phong c\u00e1ch H\u00e0n Qu\u1ed1c, thi\u1ebft k\u1ebf basic, ch\u1ea5t v\u1ea3i m\u1ec1m m\u1ecbn, d\u1ec5 ph\u1ed1i \u0111\u1ed3, ph\u00f9 h\u1ee3p \u0111i h\u1ecdc, \u0111i l\u00e0m v\u00e0 d\u1ea1o ph\u1ed1.\" \/>\n<meta name=\"robots\" content=\"index, follow, max-snippet:-1, max-image-preview:large, max-video-preview:-1\" \/>\n<link rel=\"canonical\" href=\"https:\/\/tiemnhamay.azdigi.shop\/index.php\/san-pham\/set-do-nu-toi-gian\/\" \/>\n<meta property=\"og:locale\" content=\"vi_VN\" \/>\n<meta property=\"og:type\" content=\"article\" \/>\n<meta property=\"og:title\" content=\"Set \u0111\u1ed3 n\u1eef t\u1ed1i gi\u1ea3n thanh l\u1ecbch \u2013 Phong c\u00e1ch basic H\u00e0n Qu\u1ed1c - Tiemnhamay\" \/>\n<meta property=\"og:description\" content=\"Set \u0111\u1ed3 n\u1eef t\u1ed1i gi\u1ea3n phong c\u00e1ch H\u00e0n Qu\u1ed1c, thi\u1ebft k\u1ebf basic, ch\u1ea5t v\u1ea3i m\u1ec1m m\u1ecbn, d\u1ec5 ph\u1ed1i \u0111\u1ed3, ph\u00f9 h\u1ee3p \u0111i h\u1ecdc, \u0111i l\u00e0m v\u00e0 d\u1ea1o ph\u1ed1.\" \/>\n<meta property=\"og:url\" content=\"https:\/\/tiemnhamay.azdigi.shop\/index.php\/san-pham\/set-do-nu-toi-gian\/\" \/>\n<meta property=\"og:site_name\" content=\"Tiemnhamay\" \/>\n<meta property=\"article:modified_time\" content=\"2026-04-18T02:57:34+00:00\" \/>\n<meta property=\"og:image\" content=\"https:\/\/tiemnhamay.azdigi.shop\/wp-content\/uploads\/2026\/04\/vn-11134207-7ra0g-m7x9xfp1wll082.webp\" \/>\n\t<meta property=\"og:image:width\" content=\"800\" \/>\n\t<meta property=\"og:image:height\" content=\"800\" \/>\n\t<meta property=\"og:image:type\" content=\"image\/webp\" \/>\n<meta name=\"twitter:card\" content=\"summary_large_image\" \/>\n<meta name=\"twitter:label1\" content=\"\u01af\u1edbc t\u00ednh th\u1eddi gian \u0111\u1ecdc\" \/>\n\t<meta name=\"twitter:data1\" content=\"2 ph\u00fat\" \/>\n<script type=\"application\/ld+json\" class=\"yoast-schema-graph\">{\"@context\":\"https:\/\/schema.org\",\"@graph\":[{\"@type\":\"WebPage\",\"@id\":\"https:\/\/tiemnhamay.azdigi.shop\/index.php\/san-pham\/set-do-nu-toi-gian\/\",\"url\":\"https:\/\/tiemnhamay.azdigi.shop\/index.php\/san-pham\/set-do-nu-toi-gian\/\",\"name\":\"Set \u0111\u1ed3 n\u1eef t\u1ed1i gi\u1ea3n thanh l\u1ecbch \u2013 Phong c\u00e1ch basic H\u00e0n Qu\u1ed1c - Tiemnhamay\",\"isPartOf\":{\"@id\":\"https:\/\/tiemnhamay.azdigi.shop\/#website\"},\"primaryImageOfPage\":{\"@id\":\"https:\/\/tiemnhamay.azdigi.shop\/index.php\/san-pham\/set-do-nu-toi-gian\/#primaryimage\"},\"image\":{\"@id\":\"https:\/\/tiemnhamay.azdigi.shop\/index.php\/san-pham\/set-do-nu-toi-gian\/#primaryimage\"},\"thumbnailUrl\":\"https:\/\/tiemnhamay.azdigi.shop\/wp-content\/uploads\/2026\/04\/vn-11134207-7ra0g-m7x9xfp1wll082.webp\",\"datePublished\":\"2026-04-10T01:40:17+00:00\",\"dateModified\":\"2026-04-18T02:57:34+00:00\",\"description\":\"Set \u0111\u1ed3 n\u1eef t\u1ed1i gi\u1ea3n phong c\u00e1ch H\u00e0n Qu\u1ed1c, thi\u1ebft k\u1ebf basic, ch\u1ea5t v\u1ea3i m\u1ec1m m\u1ecbn, d\u1ec5 ph\u1ed1i \u0111\u1ed3, ph\u00f9 h\u1ee3p \u0111i h\u1ecdc, \u0111i l\u00e0m v\u00e0 d\u1ea1o ph\u1ed1.\",\"breadcrumb\":{\"@id\":\"https:\/\/tiemnhamay.azdigi.shop\/index.php\/san-pham\/set-do-nu-toi-gian\/#breadcrumb\"},\"inLanguage\":\"vi\",\"potentialAction\":[{\"@type\":\"ReadAction\",\"target\":[\"https:\/\/tiemnhamay.azdigi.shop\/index.php\/san-pham\/set-do-nu-toi-gian\/\"]}]},{\"@type\":\"ImageObject\",\"inLanguage\":\"vi\",\"@id\":\"https:\/\/tiemnhamay.azdigi.shop\/index.php\/san-pham\/set-do-nu-toi-gian\/#primaryimage\",\"url\":\"https:\/\/tiemnhamay.azdigi.shop\/wp-content\/uploads\/2026\/04\/vn-11134207-7ra0g-m7x9xfp1wll082.webp\",\"contentUrl\":\"https:\/\/tiemnhamay.azdigi.shop\/wp-content\/uploads\/2026\/04\/vn-11134207-7ra0g-m7x9xfp1wll082.webp\",\"width\":800,\"height\":800},{\"@type\":\"BreadcrumbList\",\"@id\":\"https:\/\/tiemnhamay.azdigi.shop\/index.php\/san-pham\/set-do-nu-toi-gian\/#breadcrumb\",\"itemListElement\":[{\"@type\":\"ListItem\",\"position\":1,\"name\":\"Trang ch\u1ee7\",\"item\":\"https:\/\/tiemnhamay.azdigi.shop\/\"},{\"@type\":\"ListItem\",\"position\":2,\"name\":\"C\u1eeda h\u00e0ng\",\"item\":\"https:\/\/tiemnhamay.azdigi.shop\/index.php\/cua-hang\/\"},{\"@type\":\"ListItem\",\"position\":3,\"name\":\"Set \u0111\u1ed3 n\u1eef t\u1ed1i gi\u1ea3n thanh l\u1ecbch \u2013 Phong c\u00e1ch basic H\u00e0n Qu\u1ed1c\"}]},{\"@type\":\"WebSite\",\"@id\":\"https:\/\/tiemnhamay.azdigi.shop\/#website\",\"url\":\"https:\/\/tiemnhamay.azdigi.shop\/\",\"name\":\"Tiemnhamay\",\"description\":\"\",\"potentialAction\":[{\"@type\":\"SearchAction\",\"target\":{\"@type\":\"EntryPoint\",\"urlTemplate\":\"https:\/\/tiemnhamay.azdigi.shop\/?s={search_term_string}\"},\"query-input\":{\"@type\":\"PropertyValueSpecification\",\"valueRequired\":true,\"valueName\":\"search_term_string\"}}],\"inLanguage\":\"vi\"}]}<\/script>\n<!-- \/ Yoast SEO plugin. -->","yoast_head_json":{"title":"Set \u0111\u1ed3 n\u1eef t\u1ed1i gi\u1ea3n thanh l\u1ecbch \u2013 Phong c\u00e1ch basic H\u00e0n Qu\u1ed1c - Tiemnhamay","description":"Set \u0111\u1ed3 n\u1eef t\u1ed1i gi\u1ea3n phong c\u00e1ch H\u00e0n Qu\u1ed1c, thi\u1ebft k\u1ebf basic, ch\u1ea5t v\u1ea3i m\u1ec1m m\u1ecbn, d\u1ec5 ph\u1ed1i \u0111\u1ed3, ph\u00f9 h\u1ee3p \u0111i h\u1ecdc, \u0111i l\u00e0m v\u00e0 d\u1ea1o ph\u1ed1.","robots":{"index":"index","follow":"follow","max-snippet":"max-snippet:-1","max-image-preview":"max-image-preview:large","max-video-preview":"max-video-preview:-1"},"canonical":"https:\/\/tiemnhamay.azdigi.shop\/index.php\/san-pham\/set-do-nu-toi-gian\/","og_locale":"vi_VN","og_type":"article","og_title":"Set \u0111\u1ed3 n\u1eef t\u1ed1i gi\u1ea3n thanh l\u1ecbch \u2013 Phong c\u00e1ch basic H\u00e0n Qu\u1ed1c - Tiemnhamay","og_description":"Set \u0111\u1ed3 n\u1eef t\u1ed1i gi\u1ea3n phong c\u00e1ch H\u00e0n Qu\u1ed1c, thi\u1ebft k\u1ebf basic, ch\u1ea5t v\u1ea3i m\u1ec1m m\u1ecbn, d\u1ec5 ph\u1ed1i \u0111\u1ed3, ph\u00f9 h\u1ee3p \u0111i h\u1ecdc, \u0111i l\u00e0m v\u00e0 d\u1ea1o ph\u1ed1.","og_url":"https:\/\/tiemnhamay.azdigi.shop\/index.php\/san-pham\/set-do-nu-toi-gian\/","og_site_name":"Tiemnhamay","article_modified_time":"2026-04-18T02:57:34+00:00","og_image":[{"width":800,"height":800,"url":"https:\/\/tiemnhamay.azdigi.shop\/wp-content\/uploads\/2026\/04\/vn-11134207-7ra0g-m7x9xfp1wll082.webp","type":"image\/webp"}],"twitter_card":"summary_large_image","twitter_misc":{"\u01af\u1edbc t\u00ednh th\u1eddi gian \u0111\u1ecdc":"2 ph\u00fat"},"schema":{"@context":"https:\/\/schema.org","@graph":[{"@type":"WebPage","@id":"https:\/\/tiemnhamay.azdigi.shop\/index.php\/san-pham\/set-do-nu-toi-gian\/","url":"https:\/\/tiemnhamay.azdigi.shop\/index.php\/san-pham\/set-do-nu-toi-gian\/","name":"Set \u0111\u1ed3 n\u1eef t\u1ed1i gi\u1ea3n thanh l\u1ecbch \u2013 Phong c\u00e1ch basic H\u00e0n Qu\u1ed1c - Tiemnhamay","isPartOf":{"@id":"https:\/\/tiemnhamay.azdigi.shop\/#website"},"primaryImageOfPage":{"@id":"https:\/\/tiemnhamay.azdigi.shop\/index.php\/san-pham\/set-do-nu-toi-gian\/#primaryimage"},"image":{"@id":"https:\/\/tiemnhamay.azdigi.shop\/index.php\/san-pham\/set-do-nu-toi-gian\/#primaryimage"},"thumbnailUrl":"https:\/\/tiemnhamay.azdigi.shop\/wp-content\/uploads\/2026\/04\/vn-11134207-7ra0g-m7x9xfp1wll082.webp","datePublished":"2026-04-10T01:40:17+00:00","dateModified":"2026-04-18T02:57:34+00:00","description":"Set \u0111\u1ed3 n\u1eef t\u1ed1i gi\u1ea3n phong c\u00e1ch H\u00e0n Qu\u1ed1c, thi\u1ebft k\u1ebf basic, ch\u1ea5t v\u1ea3i m\u1ec1m m\u1ecbn, d\u1ec5 ph\u1ed1i \u0111\u1ed3, ph\u00f9 h\u1ee3p \u0111i h\u1ecdc, \u0111i l\u00e0m v\u00e0 d\u1ea1o ph\u1ed1.","breadcrumb":{"@id":"https:\/\/tiemnhamay.azdigi.shop\/index.php\/san-pham\/set-do-nu-toi-gian\/#breadcrumb"},"inLanguage":"vi","potentialAction":[{"@type":"ReadAction","target":["https:\/\/tiemnhamay.azdigi.shop\/index.php\/san-pham\/set-do-nu-toi-gian\/"]}]},{"@type":"ImageObject","inLanguage":"vi","@id":"https:\/\/tiemnhamay.azdigi.shop\/index.php\/san-pham\/set-do-nu-toi-gian\/#primaryimage","url":"https:\/\/tiemnhamay.azdigi.shop\/wp-content\/uploads\/2026\/04\/vn-11134207-7ra0g-m7x9xfp1wll082.webp","contentUrl":"https:\/\/tiemnhamay.azdigi.shop\/wp-content\/uploads\/2026\/04\/vn-11134207-7ra0g-m7x9xfp1wll082.webp","width":800,"height":800},{"@type":"BreadcrumbList","@id":"https:\/\/tiemnhamay.azdigi.shop\/index.php\/san-pham\/set-do-nu-toi-gian\/#breadcrumb","itemListElement":[{"@type":"ListItem","position":1,"name":"Trang ch\u1ee7","item":"https:\/\/tiemnhamay.azdigi.shop\/"},{"@type":"ListItem","position":2,"name":"C\u1eeda h\u00e0ng","item":"https:\/\/tiemnhamay.azdigi.shop\/index.php\/cua-hang\/"},{"@type":"ListItem","position":3,"name":"Set \u0111\u1ed3 n\u1eef t\u1ed1i gi\u1ea3n thanh l\u1ecbch \u2013 Phong c\u00e1ch basic H\u00e0n Qu\u1ed1c"}]},{"@type":"WebSite","@id":"https:\/\/tiemnhamay.azdigi.shop\/#website","url":"https:\/\/tiemnhamay.azdigi.shop\/","name":"Tiemnhamay","description":"","potentialAction":[{"@type":"SearchAction","target":{"@type":"EntryPoint","urlTemplate":"https:\/\/tiemnhamay.azdigi.shop\/?s={search_term_string}"},"query-input":{"@type":"PropertyValueSpecification","valueRequired":true,"valueName":"search_term_string"}}],"inLanguage":"vi"}]}},"_links":{"self":[{"href":"https:\/\/tiemnhamay.azdigi.shop\/index.php\/wp-json\/wp\/v2\/product\/187","targetHints":{"allow":["GET"]}}],"collection":[{"href":"https:\/\/tiemnhamay.azdigi.shop\/index.php\/wp-json\/wp\/v2\/product"}],"about":[{"href":"https:\/\/tiemnhamay.azdigi.shop\/index.php\/wp-json\/wp\/v2\/types\/product"}],"replies":[{"embeddable":true,"href":"https:\/\/tiemnhamay.azdigi.shop\/index.php\/wp-json\/wp\/v2\/comments?post=187"}],"wp:featuredmedia":[{"embeddable":true,"href":"https:\/\/tiemnhamay.azdigi.shop\/index.php\/wp-json\/wp\/v2\/media\/208"}],"wp:attachment":[{"href":"https:\/\/tiemnhamay.azdigi.shop\/index.php\/wp-json\/wp\/v2\/media?parent=187"}],"wp:term":[{"taxonomy":"product_brand","embeddable":true,"href":"https:\/\/tiemnhamay.azdigi.shop\/index.php\/wp-json\/wp\/v2\/product_brand?post=187"},{"taxonomy":"product_cat","embeddable":true,"href":"https:\/\/tiemnhamay.azdigi.shop\/index.php\/wp-json\/wp\/v2\/product_cat?post=187"},{"taxonomy":"product_tag","embeddable":true,"href":"https:\/\/tiemnhamay.azdigi.shop\/index.php\/wp-json\/wp\/v2\/product_tag?post=187"}],"curies":[{"name":"wp","href":"https:\/\/api.w.org\/{rel}","templated":true}]}}