{"id":215,"date":"2026-04-10T02:17:40","date_gmt":"2026-04-10T02:17:40","guid":{"rendered":"https:\/\/tiemnhamay.azdigi.shop\/?post_type=product&#038;p=215"},"modified":"2026-04-18T03:43:28","modified_gmt":"2026-04-18T03:43:28","slug":"set-ao-peplum-quan-ong-rong","status":"publish","type":"product","link":"https:\/\/tiemnhamay.azdigi.shop\/index.php\/san-pham\/set-ao-peplum-quan-ong-rong\/","title":{"rendered":"Set \u00e1o peplum k\u00e8m qu\u1ea7n \u1ed1ng r\u1ed9ng x\u1ebfp ly c\u1ea1p cao,set b\u1ed9 n\u1eef c\u00f4ng s\u1edf thanh l\u1ecbch sang ch\u1ea3nh"},"content":{"rendered":"<p data-start=\"414\" data-end=\"583\">Tiemnhamay\u00a0chuy\u00ean cung c\u1ea5p th\u1eddi trang n\u1eef thi\u1ebft k\u1ebf cao c\u1ea5p. S\u1ea3n ph\u1ea9m \u0111\u01b0\u1ee3c may chu\u1ea9n form. \u0110\u01b0\u1eddng kim m\u0169i ch\u1ec9 lu\u00f4n \u0111\u01b0\u1ee3c ch\u0103m ch\u00fat k\u1ef9 l\u01b0\u1ee1ng. M\u1ed7i thi\u1ebft k\u1ebf \u0111\u1ec1u h\u01b0\u1edbng \u0111\u1ebfn v\u1ebb ngo\u00e0i ch\u1ec9n chu v\u00e0 cu\u1ed1n h\u00fat.<\/p>\n<p data-start=\"417\" data-end=\"640\">Set \u00e1o peplum k\u00e8m qu\u1ea7n \u1ed1ng r\u1ed9ng x\u1ebfp ly c\u1ea1p cao G161 l\u00e0 l\u1ef1a ch\u1ecdn ho\u00e0n h\u1ea3o cho n\u00e0ng c\u00f4ng s\u1edf. Thi\u1ebft k\u1ebf mang phong c\u00e1ch thanh l\u1ecbch v\u00e0 hi\u1ec7n \u0111\u1ea1i. \u00c1o peplum gi\u00fap t\u00f4n v\u00f2ng eo r\u00f5 n\u00e9t. \u0110\u1ed3ng th\u1eddi t\u1ea1o hi\u1ec7u \u1ee9ng d\u00e1ng \u0111\u1ed3ng h\u1ed3 c\u00e1t r\u1ea5t \u0111\u1eb9p.<\/p>\n<p data-start=\"642\" data-end=\"826\">Qu\u1ea7n \u1ed1ng r\u1ed9ng c\u1ea1p cao gi\u00fap k\u00e9o d\u00e0i \u0111\u00f4i ch\u00e2n. Thi\u1ebft k\u1ebf n\u00e0y c\u0169ng h\u1ed7 tr\u1ee3 che khuy\u1ebft \u0111i\u1ec3m hi\u1ec7u qu\u1ea3. Form qu\u1ea7n \u0111\u1ee9ng d\u00e1ng n\u00ean m\u1eb7c l\u00ean r\u1ea5t sang. Set \u0111\u1ed3 ph\u00f9 h\u1ee3p v\u1edbi nhi\u1ec1u d\u00e1ng ng\u01b0\u1eddi kh\u00e1c nhau.<\/p>\n<p data-start=\"828\" data-end=\"1009\">Ch\u1ea5t li\u1ec7u tuypsy cao c\u1ea5p mang l\u1ea1i c\u1ea3m gi\u00e1c m\u1ec1m m\u00e1t. V\u1ea3i kh\u00f4ng nh\u0103n, kh\u00f4ng x\u00f9 v\u00e0 gi\u1eef form t\u1ed1t. \u00c1o \u0111\u01b0\u1ee3c may 2 l\u1edbp n\u00ean \u0111\u1ee9ng d\u00e1ng h\u01a1n. Thi\u1ebft k\u1ebf c\u00f3 kh\u00f3a k\u00e9o ph\u00eda sau, d\u1ec5 m\u1eb7c v\u00e0 ti\u1ec7n l\u1ee3i.<\/p>\n<p data-start=\"1011\" data-end=\"1216\">Set \u00e1o peplum c\u00f4ng s\u1edf ph\u00f9 h\u1ee3p khi \u0111i l\u00e0m ho\u1eb7c g\u1eb7p g\u1ee1 \u0111\u1ed1i t\u00e1c. B\u1ea1n c\u0169ng c\u00f3 th\u1ec3 m\u1eb7c khi tham gia s\u1ef1 ki\u1ec7n nh\u1eb9. N\u1ebfu mu\u1ed1n tham kh\u1ea3o th\u00eam, b\u1ea1n c\u00f3 th\u1ec3 xem t\u1ea1i \ud83d\udc49 \/danh-muc\/set-do-nu \u0111\u1ec3 ch\u1ecdn th\u00eam s\u1ea3n ph\u1ea9m ph\u00f9 h\u1ee3p.<\/p>\n<p data-start=\"1218\" data-end=\"1239\">\ud83d\udd39 \u01afu \u0111i\u1ec3m n\u1ed5i b\u1eadt:<\/p>\n<ul data-start=\"1240\" data-end=\"1355\">\n<li data-section-id=\"dzubye\" data-start=\"1240\" data-end=\"1268\">Thi\u1ebft k\u1ebf t\u00f4n d\u00e1ng r\u00f5 r\u1ec7t<\/li>\n<li data-section-id=\"1x5v7z8\" data-start=\"1269\" data-end=\"1305\">Qu\u1ea7n c\u1ea1p cao gi\u00fap hack chi\u1ec1u cao<\/li>\n<li data-section-id=\"8nzsir\" data-start=\"1306\" data-end=\"1332\">Ch\u1ea5t li\u1ec7u \u0111\u1eb9p, \u00edt nh\u0103n<\/li>\n<li data-section-id=\"wbu2wj\" data-start=\"1333\" data-end=\"1355\">Form chu\u1ea9n, d\u1ec5 m\u1eb7c<\/li>\n<\/ul>\n<p data-start=\"1383\" data-end=\"1461\">B\u1ea1n c\u00f3 th\u1ec3 xem th\u00eam xu h\u01b0\u1edbng th\u1eddi trang t\u1ea1i \ud83d\udc49 <a class=\"decorated-link\" href=\"https:\/\/www.vogue.com\/fashion\" target=\"_new\" rel=\"noopener\" data-start=\"1430\" data-end=\"1459\">https:\/\/www.vogue.com\/fashion<\/a><\/p>\n","protected":false},"excerpt":{"rendered":"<p>Set \u00e1o peplum c\u00f4ng s\u1edf k\u00e8m qu\u1ea7n \u1ed1ng r\u1ed9ng x\u1ebfp ly c\u1ea1p cao, thi\u1ebft k\u1ebf thanh l\u1ecbch, ch\u1ea5t li\u1ec7u cao c\u1ea5p, t\u00f4n d\u00e1ng, ph\u00f9 h\u1ee3p \u0111i l\u00e0m v\u00e0 d\u1ef1 ti\u1ec7c<\/p>\n","protected":false},"featured_media":226,"comment_status":"open","ping_status":"closed","template":"","meta":[],"product_brand":[],"product_cat":[29],"product_tag":[],"class_list":{"0":"post-215","1":"product","2":"type-product","3":"status-publish","4":"has-post-thumbnail","6":"product_cat-cong-so","8":"first","9":"instock","10":"shipping-taxable","11":"purchasable","12":"product-type-variable"},"yoast_head":"<!-- This site is optimized with the Yoast SEO plugin v26.9 - https:\/\/yoast.com\/product\/yoast-seo-wordpress\/ -->\n<title>Set \u00e1o peplum k\u00e8m qu\u1ea7n \u1ed1ng r\u1ed9ng x\u1ebfp ly c\u1ea1p cao,set b\u1ed9 n\u1eef c\u00f4ng s\u1edf thanh l\u1ecbch sang ch\u1ea3nh - Tiemnhamay<\/title>\n<meta name=\"description\" content=\"Set \u00e1o peplum c\u00f4ng s\u1edf k\u00e8m qu\u1ea7n \u1ed1ng r\u1ed9ng x\u1ebfp ly c\u1ea1p cao, thi\u1ebft k\u1ebf thanh l\u1ecbch, ch\u1ea5t li\u1ec7u cao c\u1ea5p, t\u00f4n d\u00e1ng, ph\u00f9 h\u1ee3p \u0111i l\u00e0m v\u00e0 d\u1ef1 ti\u1ec7c.\" \/>\n<meta name=\"robots\" content=\"index, follow, max-snippet:-1, max-image-preview:large, max-video-preview:-1\" \/>\n<link rel=\"canonical\" href=\"https:\/\/tiemnhamay.azdigi.shop\/index.php\/san-pham\/set-ao-peplum-quan-ong-rong\/\" \/>\n<meta property=\"og:locale\" content=\"vi_VN\" \/>\n<meta property=\"og:type\" content=\"article\" \/>\n<meta property=\"og:title\" content=\"Set \u00e1o peplum k\u00e8m qu\u1ea7n \u1ed1ng r\u1ed9ng x\u1ebfp ly c\u1ea1p cao,set b\u1ed9 n\u1eef c\u00f4ng s\u1edf thanh l\u1ecbch sang ch\u1ea3nh - Tiemnhamay\" \/>\n<meta property=\"og:description\" content=\"Set \u00e1o peplum c\u00f4ng s\u1edf k\u00e8m qu\u1ea7n \u1ed1ng r\u1ed9ng x\u1ebfp ly c\u1ea1p cao, thi\u1ebft k\u1ebf thanh l\u1ecbch, ch\u1ea5t li\u1ec7u cao c\u1ea5p, t\u00f4n d\u00e1ng, ph\u00f9 h\u1ee3p \u0111i l\u00e0m v\u00e0 d\u1ef1 ti\u1ec7c.\" \/>\n<meta property=\"og:url\" content=\"https:\/\/tiemnhamay.azdigi.shop\/index.php\/san-pham\/set-ao-peplum-quan-ong-rong\/\" \/>\n<meta property=\"og:site_name\" content=\"Tiemnhamay\" \/>\n<meta property=\"article:modified_time\" content=\"2026-04-18T03:43:28+00:00\" \/>\n<meta property=\"og:image\" content=\"https:\/\/tiemnhamay.azdigi.shop\/wp-content\/uploads\/2026\/04\/vn-11134207-820l4-mey4xnfn0c1z22.webp\" \/>\n\t<meta property=\"og:image:width\" content=\"1024\" \/>\n\t<meta property=\"og:image:height\" content=\"1024\" \/>\n\t<meta property=\"og:image:type\" content=\"image\/webp\" \/>\n<meta name=\"twitter:card\" content=\"summary_large_image\" \/>\n<meta name=\"twitter:label1\" content=\"\u01af\u1edbc t\u00ednh th\u1eddi gian \u0111\u1ecdc\" \/>\n\t<meta name=\"twitter:data1\" content=\"2 ph\u00fat\" \/>\n<script type=\"application\/ld+json\" class=\"yoast-schema-graph\">{\"@context\":\"https:\/\/schema.org\",\"@graph\":[{\"@type\":\"WebPage\",\"@id\":\"https:\/\/tiemnhamay.azdigi.shop\/index.php\/san-pham\/set-ao-peplum-quan-ong-rong\/\",\"url\":\"https:\/\/tiemnhamay.azdigi.shop\/index.php\/san-pham\/set-ao-peplum-quan-ong-rong\/\",\"name\":\"Set \u00e1o peplum k\u00e8m qu\u1ea7n \u1ed1ng r\u1ed9ng x\u1ebfp ly c\u1ea1p cao,set b\u1ed9 n\u1eef c\u00f4ng s\u1edf thanh l\u1ecbch sang ch\u1ea3nh - Tiemnhamay\",\"isPartOf\":{\"@id\":\"https:\/\/tiemnhamay.azdigi.shop\/#website\"},\"primaryImageOfPage\":{\"@id\":\"https:\/\/tiemnhamay.azdigi.shop\/index.php\/san-pham\/set-ao-peplum-quan-ong-rong\/#primaryimage\"},\"image\":{\"@id\":\"https:\/\/tiemnhamay.azdigi.shop\/index.php\/san-pham\/set-ao-peplum-quan-ong-rong\/#primaryimage\"},\"thumbnailUrl\":\"https:\/\/tiemnhamay.azdigi.shop\/wp-content\/uploads\/2026\/04\/vn-11134207-820l4-mey4xnfn0c1z22.webp\",\"datePublished\":\"2026-04-10T02:17:40+00:00\",\"dateModified\":\"2026-04-18T03:43:28+00:00\",\"description\":\"Set \u00e1o peplum c\u00f4ng s\u1edf k\u00e8m qu\u1ea7n \u1ed1ng r\u1ed9ng x\u1ebfp ly c\u1ea1p cao, thi\u1ebft k\u1ebf thanh l\u1ecbch, ch\u1ea5t li\u1ec7u cao c\u1ea5p, t\u00f4n d\u00e1ng, ph\u00f9 h\u1ee3p \u0111i l\u00e0m v\u00e0 d\u1ef1 ti\u1ec7c.\",\"breadcrumb\":{\"@id\":\"https:\/\/tiemnhamay.azdigi.shop\/index.php\/san-pham\/set-ao-peplum-quan-ong-rong\/#breadcrumb\"},\"inLanguage\":\"vi\",\"potentialAction\":[{\"@type\":\"ReadAction\",\"target\":[\"https:\/\/tiemnhamay.azdigi.shop\/index.php\/san-pham\/set-ao-peplum-quan-ong-rong\/\"]}]},{\"@type\":\"ImageObject\",\"inLanguage\":\"vi\",\"@id\":\"https:\/\/tiemnhamay.azdigi.shop\/index.php\/san-pham\/set-ao-peplum-quan-ong-rong\/#primaryimage\",\"url\":\"https:\/\/tiemnhamay.azdigi.shop\/wp-content\/uploads\/2026\/04\/vn-11134207-820l4-mey4xnfn0c1z22.webp\",\"contentUrl\":\"https:\/\/tiemnhamay.azdigi.shop\/wp-content\/uploads\/2026\/04\/vn-11134207-820l4-mey4xnfn0c1z22.webp\",\"width\":1024,\"height\":1024},{\"@type\":\"BreadcrumbList\",\"@id\":\"https:\/\/tiemnhamay.azdigi.shop\/index.php\/san-pham\/set-ao-peplum-quan-ong-rong\/#breadcrumb\",\"itemListElement\":[{\"@type\":\"ListItem\",\"position\":1,\"name\":\"Trang ch\u1ee7\",\"item\":\"https:\/\/tiemnhamay.azdigi.shop\/\"},{\"@type\":\"ListItem\",\"position\":2,\"name\":\"C\u1eeda h\u00e0ng\",\"item\":\"https:\/\/tiemnhamay.azdigi.shop\/index.php\/cua-hang\/\"},{\"@type\":\"ListItem\",\"position\":3,\"name\":\"Set \u00e1o peplum k\u00e8m qu\u1ea7n \u1ed1ng r\u1ed9ng x\u1ebfp ly c\u1ea1p cao,set b\u1ed9 n\u1eef c\u00f4ng s\u1edf thanh l\u1ecbch sang ch\u1ea3nh\"}]},{\"@type\":\"WebSite\",\"@id\":\"https:\/\/tiemnhamay.azdigi.shop\/#website\",\"url\":\"https:\/\/tiemnhamay.azdigi.shop\/\",\"name\":\"Tiemnhamay\",\"description\":\"\",\"potentialAction\":[{\"@type\":\"SearchAction\",\"target\":{\"@type\":\"EntryPoint\",\"urlTemplate\":\"https:\/\/tiemnhamay.azdigi.shop\/?s={search_term_string}\"},\"query-input\":{\"@type\":\"PropertyValueSpecification\",\"valueRequired\":true,\"valueName\":\"search_term_string\"}}],\"inLanguage\":\"vi\"}]}<\/script>\n<!-- \/ Yoast SEO plugin. -->","yoast_head_json":{"title":"Set \u00e1o peplum k\u00e8m qu\u1ea7n \u1ed1ng r\u1ed9ng x\u1ebfp ly c\u1ea1p cao,set b\u1ed9 n\u1eef c\u00f4ng s\u1edf thanh l\u1ecbch sang ch\u1ea3nh - Tiemnhamay","description":"Set \u00e1o peplum c\u00f4ng s\u1edf k\u00e8m qu\u1ea7n \u1ed1ng r\u1ed9ng x\u1ebfp ly c\u1ea1p cao, thi\u1ebft k\u1ebf thanh l\u1ecbch, ch\u1ea5t li\u1ec7u cao c\u1ea5p, t\u00f4n d\u00e1ng, ph\u00f9 h\u1ee3p \u0111i l\u00e0m v\u00e0 d\u1ef1 ti\u1ec7c.","robots":{"index":"index","follow":"follow","max-snippet":"max-snippet:-1","max-image-preview":"max-image-preview:large","max-video-preview":"max-video-preview:-1"},"canonical":"https:\/\/tiemnhamay.azdigi.shop\/index.php\/san-pham\/set-ao-peplum-quan-ong-rong\/","og_locale":"vi_VN","og_type":"article","og_title":"Set \u00e1o peplum k\u00e8m qu\u1ea7n \u1ed1ng r\u1ed9ng x\u1ebfp ly c\u1ea1p cao,set b\u1ed9 n\u1eef c\u00f4ng s\u1edf thanh l\u1ecbch sang ch\u1ea3nh - Tiemnhamay","og_description":"Set \u00e1o peplum c\u00f4ng s\u1edf k\u00e8m qu\u1ea7n \u1ed1ng r\u1ed9ng x\u1ebfp ly c\u1ea1p cao, thi\u1ebft k\u1ebf thanh l\u1ecbch, ch\u1ea5t li\u1ec7u cao c\u1ea5p, t\u00f4n d\u00e1ng, ph\u00f9 h\u1ee3p \u0111i l\u00e0m v\u00e0 d\u1ef1 ti\u1ec7c.","og_url":"https:\/\/tiemnhamay.azdigi.shop\/index.php\/san-pham\/set-ao-peplum-quan-ong-rong\/","og_site_name":"Tiemnhamay","article_modified_time":"2026-04-18T03:43:28+00:00","og_image":[{"width":1024,"height":1024,"url":"https:\/\/tiemnhamay.azdigi.shop\/wp-content\/uploads\/2026\/04\/vn-11134207-820l4-mey4xnfn0c1z22.webp","type":"image\/webp"}],"twitter_card":"summary_large_image","twitter_misc":{"\u01af\u1edbc t\u00ednh th\u1eddi gian \u0111\u1ecdc":"2 ph\u00fat"},"schema":{"@context":"https:\/\/schema.org","@graph":[{"@type":"WebPage","@id":"https:\/\/tiemnhamay.azdigi.shop\/index.php\/san-pham\/set-ao-peplum-quan-ong-rong\/","url":"https:\/\/tiemnhamay.azdigi.shop\/index.php\/san-pham\/set-ao-peplum-quan-ong-rong\/","name":"Set \u00e1o peplum k\u00e8m qu\u1ea7n \u1ed1ng r\u1ed9ng x\u1ebfp ly c\u1ea1p cao,set b\u1ed9 n\u1eef c\u00f4ng s\u1edf thanh l\u1ecbch sang ch\u1ea3nh - Tiemnhamay","isPartOf":{"@id":"https:\/\/tiemnhamay.azdigi.shop\/#website"},"primaryImageOfPage":{"@id":"https:\/\/tiemnhamay.azdigi.shop\/index.php\/san-pham\/set-ao-peplum-quan-ong-rong\/#primaryimage"},"image":{"@id":"https:\/\/tiemnhamay.azdigi.shop\/index.php\/san-pham\/set-ao-peplum-quan-ong-rong\/#primaryimage"},"thumbnailUrl":"https:\/\/tiemnhamay.azdigi.shop\/wp-content\/uploads\/2026\/04\/vn-11134207-820l4-mey4xnfn0c1z22.webp","datePublished":"2026-04-10T02:17:40+00:00","dateModified":"2026-04-18T03:43:28+00:00","description":"Set \u00e1o peplum c\u00f4ng s\u1edf k\u00e8m qu\u1ea7n \u1ed1ng r\u1ed9ng x\u1ebfp ly c\u1ea1p cao, thi\u1ebft k\u1ebf thanh l\u1ecbch, ch\u1ea5t li\u1ec7u cao c\u1ea5p, t\u00f4n d\u00e1ng, ph\u00f9 h\u1ee3p \u0111i l\u00e0m v\u00e0 d\u1ef1 ti\u1ec7c.","breadcrumb":{"@id":"https:\/\/tiemnhamay.azdigi.shop\/index.php\/san-pham\/set-ao-peplum-quan-ong-rong\/#breadcrumb"},"inLanguage":"vi","potentialAction":[{"@type":"ReadAction","target":["https:\/\/tiemnhamay.azdigi.shop\/index.php\/san-pham\/set-ao-peplum-quan-ong-rong\/"]}]},{"@type":"ImageObject","inLanguage":"vi","@id":"https:\/\/tiemnhamay.azdigi.shop\/index.php\/san-pham\/set-ao-peplum-quan-ong-rong\/#primaryimage","url":"https:\/\/tiemnhamay.azdigi.shop\/wp-content\/uploads\/2026\/04\/vn-11134207-820l4-mey4xnfn0c1z22.webp","contentUrl":"https:\/\/tiemnhamay.azdigi.shop\/wp-content\/uploads\/2026\/04\/vn-11134207-820l4-mey4xnfn0c1z22.webp","width":1024,"height":1024},{"@type":"BreadcrumbList","@id":"https:\/\/tiemnhamay.azdigi.shop\/index.php\/san-pham\/set-ao-peplum-quan-ong-rong\/#breadcrumb","itemListElement":[{"@type":"ListItem","position":1,"name":"Trang ch\u1ee7","item":"https:\/\/tiemnhamay.azdigi.shop\/"},{"@type":"ListItem","position":2,"name":"C\u1eeda h\u00e0ng","item":"https:\/\/tiemnhamay.azdigi.shop\/index.php\/cua-hang\/"},{"@type":"ListItem","position":3,"name":"Set \u00e1o peplum k\u00e8m qu\u1ea7n \u1ed1ng r\u1ed9ng x\u1ebfp ly c\u1ea1p cao,set b\u1ed9 n\u1eef c\u00f4ng s\u1edf thanh l\u1ecbch sang ch\u1ea3nh"}]},{"@type":"WebSite","@id":"https:\/\/tiemnhamay.azdigi.shop\/#website","url":"https:\/\/tiemnhamay.azdigi.shop\/","name":"Tiemnhamay","description":"","potentialAction":[{"@type":"SearchAction","target":{"@type":"EntryPoint","urlTemplate":"https:\/\/tiemnhamay.azdigi.shop\/?s={search_term_string}"},"query-input":{"@type":"PropertyValueSpecification","valueRequired":true,"valueName":"search_term_string"}}],"inLanguage":"vi"}]}},"_links":{"self":[{"href":"https:\/\/tiemnhamay.azdigi.shop\/index.php\/wp-json\/wp\/v2\/product\/215","targetHints":{"allow":["GET"]}}],"collection":[{"href":"https:\/\/tiemnhamay.azdigi.shop\/index.php\/wp-json\/wp\/v2\/product"}],"about":[{"href":"https:\/\/tiemnhamay.azdigi.shop\/index.php\/wp-json\/wp\/v2\/types\/product"}],"replies":[{"embeddable":true,"href":"https:\/\/tiemnhamay.azdigi.shop\/index.php\/wp-json\/wp\/v2\/comments?post=215"}],"wp:featuredmedia":[{"embeddable":true,"href":"https:\/\/tiemnhamay.azdigi.shop\/index.php\/wp-json\/wp\/v2\/media\/226"}],"wp:attachment":[{"href":"https:\/\/tiemnhamay.azdigi.shop\/index.php\/wp-json\/wp\/v2\/media?parent=215"}],"wp:term":[{"taxonomy":"product_brand","embeddable":true,"href":"https:\/\/tiemnhamay.azdigi.shop\/index.php\/wp-json\/wp\/v2\/product_brand?post=215"},{"taxonomy":"product_cat","embeddable":true,"href":"https:\/\/tiemnhamay.azdigi.shop\/index.php\/wp-json\/wp\/v2\/product_cat?post=215"},{"taxonomy":"product_tag","embeddable":true,"href":"https:\/\/tiemnhamay.azdigi.shop\/index.php\/wp-json\/wp\/v2\/product_tag?post=215"}],"curies":[{"name":"wp","href":"https:\/\/api.w.org\/{rel}","templated":true}]}}