{"id":323,"date":"2026-04-10T04:40:40","date_gmt":"2026-04-10T04:40:40","guid":{"rendered":"https:\/\/tiemnhamay.azdigi.shop\/?post_type=product&#038;p=323"},"modified":"2026-04-18T02:56:58","modified_gmt":"2026-04-18T02:56:58","slug":"ao-len-det-kim-ren-tay-phong","status":"publish","type":"product","link":"https:\/\/tiemnhamay.azdigi.shop\/index.php\/san-pham\/ao-len-det-kim-ren-tay-phong\/","title":{"rendered":"\u00c1o len d\u1ec7t kim ren tay ph\u1ed3ng ng\u1eafn thanh l\u1ecbch n\u1eef t\u00ednh"},"content":{"rendered":"<p data-start=\"342\" data-end=\"495\">\u00c1o len d\u1ec7t kim ren l\u00e0 item l\u00fd t\u01b0\u1edfng cho n\u00e0ng y\u00eau phong c\u00e1ch n\u1eef t\u00ednh. Thi\u1ebft k\u1ebf mang n\u00e9t nh\u1eb9 nh\u00e0ng v\u00e0 thanh l\u1ecbch. S\u1ea3n ph\u1ea9m ph\u00f9 h\u1ee3p cho nhi\u1ec1u d\u1ecbp kh\u00e1c nhau.<\/p>\n<p data-start=\"497\" data-end=\"689\">Ch\u1ea5t li\u1ec7u len d\u1ec7t kim m\u1ec1m m\u1ea1i v\u00e0 tho\u00e1ng m\u00e1t. Khi m\u1eb7c l\u00ean t\u1ea1o c\u1ea3m gi\u00e1c d\u1ec5 ch\u1ecbu. V\u1ea3i kh\u00f4ng g\u00e2y b\u00ed b\u00e1ch n\u00ean c\u00f3 th\u1ec3 m\u1eb7c trong th\u1eddi gian d\u00e0i. \u0110\u00e2y l\u00e0 l\u1ef1a ch\u1ecdn ph\u00f9 h\u1ee3p cho th\u1eddi ti\u1ebft m\u00e1t ho\u1eb7c se l\u1ea1nh.<\/p>\n<p data-start=\"691\" data-end=\"892\">Thi\u1ebft k\u1ebf ren tinh t\u1ebf gi\u00fap t\u1ed5ng th\u1ec3 tr\u1edf n\u00ean n\u1ed5i b\u1eadt. H\u1ecda ti\u1ebft ren mang l\u1ea1i v\u1ebb ngo\u00e0i m\u1ec1m m\u1ea1i. Khi k\u1ebft h\u1ee3p c\u00f9ng ki\u1ec3u d\u00e1ng hi\u1ec7n \u0111\u1ea1i, s\u1ea3n ph\u1ea9m tr\u1edf n\u00ean cu\u1ed1n h\u00fat h\u01a1n. \u0110\u00e2y l\u00e0 \u0111i\u1ec3m nh\u1ea5n gi\u00fap chi\u1ebfc \u00e1o kh\u00e1c bi\u1ec7t.<\/p>\n<p data-start=\"894\" data-end=\"1100\">Ph\u1ea7n tay ph\u1ed3ng t\u1ea1o hi\u1ec7u \u1ee9ng b\u1ed3ng b\u1ec1nh. Thi\u1ebft k\u1ebf n\u00e0y gi\u00fap t\u00f4n l\u00ean v\u1ebb n\u1eef t\u00ednh. \u0110\u1ed3ng th\u1eddi l\u00e0m cho t\u1ed5ng th\u1ec3 tr\u00f4ng nh\u1eb9 nh\u00e0ng h\u01a1n. D\u00e1ng \u00e1o ng\u1eafn gi\u00fap d\u1ec5 ph\u1ed1i \u0111\u1ed3. B\u1ea1n c\u00f3 th\u1ec3 mix c\u00f9ng ch\u00e2n v\u00e1y ho\u1eb7c qu\u1ea7n \u0111\u1ec1u ph\u00f9 h\u1ee3p.<\/p>\n<p data-start=\"1102\" data-end=\"1278\">\u00c1o len d\u1ec7t kim ren c\u00f3 th\u1ec3 m\u1eb7c \u0111i ch\u01a1i, \u0111i l\u00e0m ho\u1eb7c d\u1ea1o ph\u1ed1. S\u1ea3n ph\u1ea9m d\u1ec5 k\u1ebft h\u1ee3p v\u1edbi nhi\u1ec1u phong c\u00e1ch. B\u1ea1n c\u00f3 th\u1ec3 tham kh\u1ea3o th\u00eam t\u1ea1i \ud83d\udc49 \/danh-muc\/ao-nu \u0111\u1ec3 ch\u1ecdn th\u00eam m\u1eabu \u00e1o kh\u00e1c.<\/p>\n<p data-start=\"1280\" data-end=\"1301\">\ud83d\udd39 \u01afu \u0111i\u1ec3m n\u1ed5i b\u1eadt:<\/p>\n<ul data-start=\"1302\" data-end=\"1417\">\n<li data-section-id=\"qyy71l\" data-start=\"1302\" data-end=\"1330\">Ch\u1ea5t len d\u1ec7t kim m\u1ec1m m\u1ea1i<\/li>\n<li data-section-id=\"12ndigp\" data-start=\"1331\" data-end=\"1364\">Thi\u1ebft k\u1ebf ren tinh t\u1ebf, n\u1eef t\u00ednh<\/li>\n<li data-section-id=\"6pz27b\" data-start=\"1365\" data-end=\"1392\">Tay ph\u1ed3ng t\u1ea1o \u0111i\u1ec3m nh\u1ea5n<\/li>\n<li data-section-id=\"vekasv\" data-start=\"1393\" data-end=\"1417\">D\u00e1ng ng\u1eafn d\u1ec5 ph\u1ed1i \u0111\u1ed3<\/li>\n<\/ul>\n<p data-start=\"1419\" data-end=\"1487\">\ud83d\udc49 Xem th\u00eam xu h\u01b0\u1edbng th\u1eddi trang t\u1ea1i: <a class=\"decorated-link\" href=\"https:\/\/www.vogue.com\/fashion\" target=\"_new\" rel=\"noopener\" data-start=\"1456\" data-end=\"1485\">https:\/\/www.vogue.com\/fashion<\/a><\/p>\n","protected":false},"excerpt":{"rendered":"<p data-start=\"1513\" data-end=\"1632\">\u00c1o len d\u1ec7t kim ren tay ph\u1ed3ng ng\u1eafn, thi\u1ebft k\u1ebf n\u1eef t\u00ednh thanh l\u1ecbch, ch\u1ea5t li\u1ec7u m\u1ec1m m\u1ea1i, d\u1ec5 ph\u1ed1i \u0111\u1ed3, ph\u00f9 h\u1ee3p \u0111i l\u00e0m, \u0111i ch\u01a1i.<\/p>\n","protected":false},"featured_media":327,"comment_status":"open","ping_status":"closed","template":"","meta":[],"product_brand":[],"product_cat":[29,30],"product_tag":[],"class_list":{"0":"post-323","1":"product","2":"type-product","3":"status-publish","4":"has-post-thumbnail","6":"product_cat-cong-so","7":"product_cat-di-choi","9":"first","10":"instock","11":"shipping-taxable","12":"purchasable","13":"product-type-variable"},"yoast_head":"<!-- This site is optimized with the Yoast SEO plugin v26.9 - https:\/\/yoast.com\/product\/yoast-seo-wordpress\/ -->\n<title>\u00c1o len d\u1ec7t kim ren tay ph\u1ed3ng ng\u1eafn thanh l\u1ecbch n\u1eef t\u00ednh - Tiemnhamay<\/title>\n<meta name=\"description\" content=\"\u00c1o len d\u1ec7t kim ren tay ph\u1ed3ng ng\u1eafn, thi\u1ebft k\u1ebf n\u1eef t\u00ednh thanh l\u1ecbch, ch\u1ea5t li\u1ec7u m\u1ec1m m\u1ea1i, d\u1ec5 ph\u1ed1i \u0111\u1ed3, ph\u00f9 h\u1ee3p \u0111i l\u00e0m, \u0111i ch\u01a1i.\" \/>\n<meta name=\"robots\" content=\"index, follow, max-snippet:-1, max-image-preview:large, max-video-preview:-1\" \/>\n<link rel=\"canonical\" href=\"https:\/\/tiemnhamay.azdigi.shop\/index.php\/san-pham\/ao-len-det-kim-ren-tay-phong\/\" \/>\n<meta property=\"og:locale\" content=\"vi_VN\" \/>\n<meta property=\"og:type\" content=\"article\" \/>\n<meta property=\"og:title\" content=\"\u00c1o len d\u1ec7t kim ren tay ph\u1ed3ng ng\u1eafn thanh l\u1ecbch n\u1eef t\u00ednh - Tiemnhamay\" \/>\n<meta property=\"og:description\" content=\"\u00c1o len d\u1ec7t kim ren tay ph\u1ed3ng ng\u1eafn, thi\u1ebft k\u1ebf n\u1eef t\u00ednh thanh l\u1ecbch, ch\u1ea5t li\u1ec7u m\u1ec1m m\u1ea1i, d\u1ec5 ph\u1ed1i \u0111\u1ed3, ph\u00f9 h\u1ee3p \u0111i l\u00e0m, \u0111i ch\u01a1i.\" \/>\n<meta property=\"og:url\" content=\"https:\/\/tiemnhamay.azdigi.shop\/index.php\/san-pham\/ao-len-det-kim-ren-tay-phong\/\" \/>\n<meta property=\"og:site_name\" content=\"Tiemnhamay\" \/>\n<meta property=\"article:modified_time\" content=\"2026-04-18T02:56:58+00:00\" \/>\n<meta property=\"og:image\" content=\"https:\/\/tiemnhamay.azdigi.shop\/wp-content\/uploads\/2026\/04\/cn-11134207-7r98o-lt9fy9uf1tjxa4.webp\" \/>\n\t<meta property=\"og:image:width\" content=\"600\" \/>\n\t<meta property=\"og:image:height\" content=\"600\" \/>\n\t<meta property=\"og:image:type\" content=\"image\/webp\" \/>\n<meta name=\"twitter:card\" content=\"summary_large_image\" \/>\n<meta name=\"twitter:label1\" content=\"\u01af\u1edbc t\u00ednh th\u1eddi gian \u0111\u1ecdc\" \/>\n\t<meta name=\"twitter:data1\" content=\"2 ph\u00fat\" \/>\n<script type=\"application\/ld+json\" class=\"yoast-schema-graph\">{\"@context\":\"https:\/\/schema.org\",\"@graph\":[{\"@type\":\"WebPage\",\"@id\":\"https:\/\/tiemnhamay.azdigi.shop\/index.php\/san-pham\/ao-len-det-kim-ren-tay-phong\/\",\"url\":\"https:\/\/tiemnhamay.azdigi.shop\/index.php\/san-pham\/ao-len-det-kim-ren-tay-phong\/\",\"name\":\"\u00c1o len d\u1ec7t kim ren tay ph\u1ed3ng ng\u1eafn thanh l\u1ecbch n\u1eef t\u00ednh - Tiemnhamay\",\"isPartOf\":{\"@id\":\"https:\/\/tiemnhamay.azdigi.shop\/#website\"},\"primaryImageOfPage\":{\"@id\":\"https:\/\/tiemnhamay.azdigi.shop\/index.php\/san-pham\/ao-len-det-kim-ren-tay-phong\/#primaryimage\"},\"image\":{\"@id\":\"https:\/\/tiemnhamay.azdigi.shop\/index.php\/san-pham\/ao-len-det-kim-ren-tay-phong\/#primaryimage\"},\"thumbnailUrl\":\"https:\/\/tiemnhamay.azdigi.shop\/wp-content\/uploads\/2026\/04\/cn-11134207-7r98o-lt9fy9uf1tjxa4.webp\",\"datePublished\":\"2026-04-10T04:40:40+00:00\",\"dateModified\":\"2026-04-18T02:56:58+00:00\",\"description\":\"\u00c1o len d\u1ec7t kim ren tay ph\u1ed3ng ng\u1eafn, thi\u1ebft k\u1ebf n\u1eef t\u00ednh thanh l\u1ecbch, ch\u1ea5t li\u1ec7u m\u1ec1m m\u1ea1i, d\u1ec5 ph\u1ed1i \u0111\u1ed3, ph\u00f9 h\u1ee3p \u0111i l\u00e0m, \u0111i ch\u01a1i.\",\"breadcrumb\":{\"@id\":\"https:\/\/tiemnhamay.azdigi.shop\/index.php\/san-pham\/ao-len-det-kim-ren-tay-phong\/#breadcrumb\"},\"inLanguage\":\"vi\",\"potentialAction\":[{\"@type\":\"ReadAction\",\"target\":[\"https:\/\/tiemnhamay.azdigi.shop\/index.php\/san-pham\/ao-len-det-kim-ren-tay-phong\/\"]}]},{\"@type\":\"ImageObject\",\"inLanguage\":\"vi\",\"@id\":\"https:\/\/tiemnhamay.azdigi.shop\/index.php\/san-pham\/ao-len-det-kim-ren-tay-phong\/#primaryimage\",\"url\":\"https:\/\/tiemnhamay.azdigi.shop\/wp-content\/uploads\/2026\/04\/cn-11134207-7r98o-lt9fy9uf1tjxa4.webp\",\"contentUrl\":\"https:\/\/tiemnhamay.azdigi.shop\/wp-content\/uploads\/2026\/04\/cn-11134207-7r98o-lt9fy9uf1tjxa4.webp\",\"width\":600,\"height\":600},{\"@type\":\"BreadcrumbList\",\"@id\":\"https:\/\/tiemnhamay.azdigi.shop\/index.php\/san-pham\/ao-len-det-kim-ren-tay-phong\/#breadcrumb\",\"itemListElement\":[{\"@type\":\"ListItem\",\"position\":1,\"name\":\"Trang ch\u1ee7\",\"item\":\"https:\/\/tiemnhamay.azdigi.shop\/\"},{\"@type\":\"ListItem\",\"position\":2,\"name\":\"C\u1eeda h\u00e0ng\",\"item\":\"https:\/\/tiemnhamay.azdigi.shop\/index.php\/cua-hang\/\"},{\"@type\":\"ListItem\",\"position\":3,\"name\":\"\u00c1o len d\u1ec7t kim ren tay ph\u1ed3ng ng\u1eafn thanh l\u1ecbch n\u1eef t\u00ednh\"}]},{\"@type\":\"WebSite\",\"@id\":\"https:\/\/tiemnhamay.azdigi.shop\/#website\",\"url\":\"https:\/\/tiemnhamay.azdigi.shop\/\",\"name\":\"Tiemnhamay\",\"description\":\"\",\"potentialAction\":[{\"@type\":\"SearchAction\",\"target\":{\"@type\":\"EntryPoint\",\"urlTemplate\":\"https:\/\/tiemnhamay.azdigi.shop\/?s={search_term_string}\"},\"query-input\":{\"@type\":\"PropertyValueSpecification\",\"valueRequired\":true,\"valueName\":\"search_term_string\"}}],\"inLanguage\":\"vi\"}]}<\/script>\n<!-- \/ Yoast SEO plugin. -->","yoast_head_json":{"title":"\u00c1o len d\u1ec7t kim ren tay ph\u1ed3ng ng\u1eafn thanh l\u1ecbch n\u1eef t\u00ednh - Tiemnhamay","description":"\u00c1o len d\u1ec7t kim ren tay ph\u1ed3ng ng\u1eafn, thi\u1ebft k\u1ebf n\u1eef t\u00ednh thanh l\u1ecbch, ch\u1ea5t li\u1ec7u m\u1ec1m m\u1ea1i, d\u1ec5 ph\u1ed1i \u0111\u1ed3, ph\u00f9 h\u1ee3p \u0111i l\u00e0m, \u0111i ch\u01a1i.","robots":{"index":"index","follow":"follow","max-snippet":"max-snippet:-1","max-image-preview":"max-image-preview:large","max-video-preview":"max-video-preview:-1"},"canonical":"https:\/\/tiemnhamay.azdigi.shop\/index.php\/san-pham\/ao-len-det-kim-ren-tay-phong\/","og_locale":"vi_VN","og_type":"article","og_title":"\u00c1o len d\u1ec7t kim ren tay ph\u1ed3ng ng\u1eafn thanh l\u1ecbch n\u1eef t\u00ednh - Tiemnhamay","og_description":"\u00c1o len d\u1ec7t kim ren tay ph\u1ed3ng ng\u1eafn, thi\u1ebft k\u1ebf n\u1eef t\u00ednh thanh l\u1ecbch, ch\u1ea5t li\u1ec7u m\u1ec1m m\u1ea1i, d\u1ec5 ph\u1ed1i \u0111\u1ed3, ph\u00f9 h\u1ee3p \u0111i l\u00e0m, \u0111i ch\u01a1i.","og_url":"https:\/\/tiemnhamay.azdigi.shop\/index.php\/san-pham\/ao-len-det-kim-ren-tay-phong\/","og_site_name":"Tiemnhamay","article_modified_time":"2026-04-18T02:56:58+00:00","og_image":[{"width":600,"height":600,"url":"https:\/\/tiemnhamay.azdigi.shop\/wp-content\/uploads\/2026\/04\/cn-11134207-7r98o-lt9fy9uf1tjxa4.webp","type":"image\/webp"}],"twitter_card":"summary_large_image","twitter_misc":{"\u01af\u1edbc t\u00ednh th\u1eddi gian \u0111\u1ecdc":"2 ph\u00fat"},"schema":{"@context":"https:\/\/schema.org","@graph":[{"@type":"WebPage","@id":"https:\/\/tiemnhamay.azdigi.shop\/index.php\/san-pham\/ao-len-det-kim-ren-tay-phong\/","url":"https:\/\/tiemnhamay.azdigi.shop\/index.php\/san-pham\/ao-len-det-kim-ren-tay-phong\/","name":"\u00c1o len d\u1ec7t kim ren tay ph\u1ed3ng ng\u1eafn thanh l\u1ecbch n\u1eef t\u00ednh - Tiemnhamay","isPartOf":{"@id":"https:\/\/tiemnhamay.azdigi.shop\/#website"},"primaryImageOfPage":{"@id":"https:\/\/tiemnhamay.azdigi.shop\/index.php\/san-pham\/ao-len-det-kim-ren-tay-phong\/#primaryimage"},"image":{"@id":"https:\/\/tiemnhamay.azdigi.shop\/index.php\/san-pham\/ao-len-det-kim-ren-tay-phong\/#primaryimage"},"thumbnailUrl":"https:\/\/tiemnhamay.azdigi.shop\/wp-content\/uploads\/2026\/04\/cn-11134207-7r98o-lt9fy9uf1tjxa4.webp","datePublished":"2026-04-10T04:40:40+00:00","dateModified":"2026-04-18T02:56:58+00:00","description":"\u00c1o len d\u1ec7t kim ren tay ph\u1ed3ng ng\u1eafn, thi\u1ebft k\u1ebf n\u1eef t\u00ednh thanh l\u1ecbch, ch\u1ea5t li\u1ec7u m\u1ec1m m\u1ea1i, d\u1ec5 ph\u1ed1i \u0111\u1ed3, ph\u00f9 h\u1ee3p \u0111i l\u00e0m, \u0111i ch\u01a1i.","breadcrumb":{"@id":"https:\/\/tiemnhamay.azdigi.shop\/index.php\/san-pham\/ao-len-det-kim-ren-tay-phong\/#breadcrumb"},"inLanguage":"vi","potentialAction":[{"@type":"ReadAction","target":["https:\/\/tiemnhamay.azdigi.shop\/index.php\/san-pham\/ao-len-det-kim-ren-tay-phong\/"]}]},{"@type":"ImageObject","inLanguage":"vi","@id":"https:\/\/tiemnhamay.azdigi.shop\/index.php\/san-pham\/ao-len-det-kim-ren-tay-phong\/#primaryimage","url":"https:\/\/tiemnhamay.azdigi.shop\/wp-content\/uploads\/2026\/04\/cn-11134207-7r98o-lt9fy9uf1tjxa4.webp","contentUrl":"https:\/\/tiemnhamay.azdigi.shop\/wp-content\/uploads\/2026\/04\/cn-11134207-7r98o-lt9fy9uf1tjxa4.webp","width":600,"height":600},{"@type":"BreadcrumbList","@id":"https:\/\/tiemnhamay.azdigi.shop\/index.php\/san-pham\/ao-len-det-kim-ren-tay-phong\/#breadcrumb","itemListElement":[{"@type":"ListItem","position":1,"name":"Trang ch\u1ee7","item":"https:\/\/tiemnhamay.azdigi.shop\/"},{"@type":"ListItem","position":2,"name":"C\u1eeda h\u00e0ng","item":"https:\/\/tiemnhamay.azdigi.shop\/index.php\/cua-hang\/"},{"@type":"ListItem","position":3,"name":"\u00c1o len d\u1ec7t kim ren tay ph\u1ed3ng ng\u1eafn thanh l\u1ecbch n\u1eef t\u00ednh"}]},{"@type":"WebSite","@id":"https:\/\/tiemnhamay.azdigi.shop\/#website","url":"https:\/\/tiemnhamay.azdigi.shop\/","name":"Tiemnhamay","description":"","potentialAction":[{"@type":"SearchAction","target":{"@type":"EntryPoint","urlTemplate":"https:\/\/tiemnhamay.azdigi.shop\/?s={search_term_string}"},"query-input":{"@type":"PropertyValueSpecification","valueRequired":true,"valueName":"search_term_string"}}],"inLanguage":"vi"}]}},"_links":{"self":[{"href":"https:\/\/tiemnhamay.azdigi.shop\/index.php\/wp-json\/wp\/v2\/product\/323","targetHints":{"allow":["GET"]}}],"collection":[{"href":"https:\/\/tiemnhamay.azdigi.shop\/index.php\/wp-json\/wp\/v2\/product"}],"about":[{"href":"https:\/\/tiemnhamay.azdigi.shop\/index.php\/wp-json\/wp\/v2\/types\/product"}],"replies":[{"embeddable":true,"href":"https:\/\/tiemnhamay.azdigi.shop\/index.php\/wp-json\/wp\/v2\/comments?post=323"}],"wp:featuredmedia":[{"embeddable":true,"href":"https:\/\/tiemnhamay.azdigi.shop\/index.php\/wp-json\/wp\/v2\/media\/327"}],"wp:attachment":[{"href":"https:\/\/tiemnhamay.azdigi.shop\/index.php\/wp-json\/wp\/v2\/media?parent=323"}],"wp:term":[{"taxonomy":"product_brand","embeddable":true,"href":"https:\/\/tiemnhamay.azdigi.shop\/index.php\/wp-json\/wp\/v2\/product_brand?post=323"},{"taxonomy":"product_cat","embeddable":true,"href":"https:\/\/tiemnhamay.azdigi.shop\/index.php\/wp-json\/wp\/v2\/product_cat?post=323"},{"taxonomy":"product_tag","embeddable":true,"href":"https:\/\/tiemnhamay.azdigi.shop\/index.php\/wp-json\/wp\/v2\/product_tag?post=323"}],"curies":[{"name":"wp","href":"https:\/\/api.w.org\/{rel}","templated":true}]}}