{"id":367,"date":"2026-04-10T05:12:38","date_gmt":"2026-04-10T05:12:38","guid":{"rendered":"https:\/\/tiemnhamay.azdigi.shop\/?post_type=product&#038;p=367"},"modified":"2026-04-15T03:50:21","modified_gmt":"2026-04-15T03:50:21","slug":"quan-short-nu-2-lop-cap-cao","status":"publish","type":"product","link":"https:\/\/tiemnhamay.azdigi.shop\/index.php\/san-pham\/quan-short-nu-2-lop-cap-cao\/","title":{"rendered":"Qu\u1ea7n short n\u1eef \u0111\u00f9i 2 l\u1edbp c\u1ea1p cao d\u00e1ng A c\u00f3 t\u00fai thanh l\u1ecbch"},"content":{"rendered":"<h2 data-section-id=\"1gq1h3m\" data-start=\"195\" data-end=\"240\">\ud83d\udd38 Qu\u1ea7n short n\u1eef c\u1ea1p cao tr\u1ebb trung, d\u1ec5 m\u1eb7c<\/h2>\n<p data-start=\"242\" data-end=\"394\">Qu\u1ea7n short n\u1eef c\u1ea1p cao l\u00e0 item kh\u00f4ng th\u1ec3 thi\u1ebfu trong m\u00f9a h\u00e8. Thi\u1ebft k\u1ebf mang phong c\u00e1ch tr\u1ebb trung v\u00e0 n\u0103ng \u0111\u1ed9ng. S\u1ea3n ph\u1ea9m gi\u00fap b\u1ea1n d\u1ec5 d\u00e0ng ph\u1ed1i \u0111\u1ed3 m\u1ed7i ng\u00e0y.<\/p>\n<h2 data-section-id=\"d6cvjt\" data-start=\"396\" data-end=\"433\">\ud83d\udd38 D\u00e1ng A t\u00f4n d\u00e1ng, hack chi\u1ec1u cao<\/h2>\n<p data-start=\"435\" data-end=\"601\">D\u00e1ng qu\u1ea7n ch\u1eef A nh\u1eb9 gi\u00fap t\u00f4n d\u00e1ng hi\u1ec7u qu\u1ea3. Khi m\u1eb7c l\u00ean t\u1ea1o c\u1ea3m gi\u00e1c thon g\u1ecdn h\u01a1n. Thi\u1ebft k\u1ebf ph\u00f9 h\u1ee3p v\u1edbi nhi\u1ec1u d\u00e1ng ng\u01b0\u1eddi. B\u1ea1n c\u00f3 th\u1ec3 t\u1ef1 tin di\u1ec7n \u0111i ch\u01a1i ho\u1eb7c d\u1ea1o ph\u1ed1.<\/p>\n<p data-start=\"603\" data-end=\"746\">Ph\u1ea7n c\u1ea1p cao gi\u00fap hack chi\u1ec1u cao r\u00f5 r\u1ec7t. Khi k\u1ebft h\u1ee3p c\u00f9ng \u00e1o croptop, t\u1ed5ng th\u1ec3 s\u1ebd c\u00e2n \u0111\u1ed1i h\u01a1n. \u0110\u00e2y l\u00e0 c\u00e1ch ph\u1ed1i \u0111\u1ed3 r\u1ea5t \u0111\u01b0\u1ee3c \u01b0a chu\u1ed9ng hi\u1ec7n nay.<\/p>\n<h2 data-section-id=\"ft9r9y\" data-start=\"748\" data-end=\"786\">\ud83d\udd38 Thi\u1ebft k\u1ebf 2 l\u1edbp k\u00edn \u0111\u00e1o, ti\u1ec7n l\u1ee3i<\/h2>\n<p data-start=\"788\" data-end=\"910\">Qu\u1ea7n \u0111\u01b0\u1ee3c thi\u1ebft k\u1ebf 2 l\u1edbp ch\u1eafc ch\u1eafn. \u0110i\u1ec1u n\u00e0y gi\u00fap s\u1ea3n ph\u1ea9m \u0111\u1ee9ng form t\u1ed1t h\u01a1n. Khi m\u1eb7c l\u00ean t\u1ea1o c\u1ea3m gi\u00e1c k\u00edn \u0111\u00e1o v\u00e0 an to\u00e0n.<\/p>\n<p data-start=\"912\" data-end=\"1058\">Ngo\u00e0i ra, qu\u1ea7n c\u00f3 t\u00fai ti\u1ec7n l\u1ee3i. B\u1ea1n c\u00f3 th\u1ec3 mang theo \u0111i\u1ec7n tho\u1ea1i ho\u1eb7c v\u1eadt d\u1ee5ng nh\u1ecf. Chi ti\u1ebft n\u00e0y gi\u00fap t\u0103ng t\u00ednh \u1ee9ng d\u1ee5ng trong cu\u1ed9c s\u1ed1ng h\u1eb1ng ng\u00e0y.<\/p>\n<h2 data-section-id=\"ylezxy\" data-start=\"1060\" data-end=\"1095\">\ud83d\udd38 Ch\u1ea5t li\u1ec7u tho\u00e1ng m\u00e1t, d\u1ec5 ch\u1ecbu<\/h2>\n<p data-start=\"1097\" data-end=\"1229\">Ch\u1ea5t v\u1ea3i m\u1ec1m m\u1ea1i v\u00e0 tho\u00e1ng kh\u00ed. Khi m\u1eb7c kh\u00f4ng g\u00e2y b\u00ed b\u00e1ch. V\u1ea3i \u00edt nh\u0103n n\u00ean r\u1ea5t d\u1ec5 b\u1ea3o qu\u1ea3n. B\u1ea1n c\u00f3 th\u1ec3 m\u1eb7c c\u1ea3 ng\u00e0y m\u00e0 v\u1eabn tho\u1ea3i m\u00e1i.<\/p>\n<h2 data-section-id=\"1hi6wge\" data-start=\"1231\" data-end=\"1260\">\ud83d\udd38 Ph\u00f9 h\u1ee3p nhi\u1ec1u ho\u00e0n c\u1ea3nh<\/h2>\n<p data-start=\"1262\" data-end=\"1408\">Qu\u1ea7n short n\u1eef c\u1ea1p cao ph\u00f9 h\u1ee3p trong nhi\u1ec1u d\u1ecbp. B\u1ea1n c\u00f3 th\u1ec3 m\u1eb7c \u0111i ch\u01a1i, \u0111i du l\u1ecbch ho\u1eb7c \u0111i c\u00e0 ph\u00ea. S\u1ea3n ph\u1ea9m gi\u00fap b\u1ea1n lu\u00f4n gi\u1eef phong c\u00e1ch n\u0103ng \u0111\u1ed9ng.<\/p>\n<p data-start=\"1410\" data-end=\"1482\">\ud83d\udc49 Xem th\u00eam t\u1ea1i: \/danh-muc\/quan-nu<br data-start=\"1444\" data-end=\"1447\" \/>\ud83d\udc49 G\u1ee3i \u00fd ph\u1ed1i \u0111\u1ed3: \/danh-muc\/ao-nu<\/p>\n<p data-start=\"1484\" data-end=\"1541\">Tham kh\u1ea3o xu h\u01b0\u1edbng t\u1ea1i \ud83d\udc49 <a class=\"decorated-link\" href=\"https:\/\/www.vogue.com\/fashion\" target=\"_new\" rel=\"noopener\" data-start=\"1510\" data-end=\"1539\">https:\/\/www.vogue.com\/fashion<\/a><\/p>\n","protected":false},"excerpt":{"rendered":"<p>Qu\u1ea7n short n\u1eef c\u1ea1p cao d\u00e1ng A 2 l\u1edbp, thi\u1ebft k\u1ebf tr\u1ebb trung, t\u00f4n d\u00e1ng, c\u00f3 t\u00fai ti\u1ec7n l\u1ee3i, ph\u00f9 h\u1ee3p \u0111i ch\u01a1i v\u00e0 d\u1ea1o ph\u1ed1<\/p>\n","protected":false},"featured_media":368,"comment_status":"open","ping_status":"closed","template":"","meta":[],"product_brand":[],"product_cat":[30],"product_tag":[],"class_list":{"0":"post-367","1":"product","2":"type-product","3":"status-publish","4":"has-post-thumbnail","6":"product_cat-di-choi","8":"first","9":"instock","10":"shipping-taxable","11":"purchasable","12":"product-type-variable"},"yoast_head":"<!-- This site is optimized with the Yoast SEO plugin v26.9 - https:\/\/yoast.com\/product\/yoast-seo-wordpress\/ -->\n<title>Qu\u1ea7n short n\u1eef \u0111\u00f9i 2 l\u1edbp c\u1ea1p cao d\u00e1ng A c\u00f3 t\u00fai thanh l\u1ecbch - Tiemnhamay<\/title>\n<meta name=\"description\" content=\"Qu\u1ea7n short n\u1eef c\u1ea1p cao d\u00e1ng A 2 l\u1edbp, thi\u1ebft k\u1ebf tr\u1ebb trung, t\u00f4n d\u00e1ng, c\u00f3 t\u00fai ti\u1ec7n l\u1ee3i, ph\u00f9 h\u1ee3p \u0111i ch\u01a1i v\u00e0 d\u1ea1o ph\u1ed1\" \/>\n<meta name=\"robots\" content=\"index, follow, max-snippet:-1, max-image-preview:large, max-video-preview:-1\" \/>\n<link rel=\"canonical\" href=\"https:\/\/tiemnhamay.azdigi.shop\/index.php\/san-pham\/quan-short-nu-2-lop-cap-cao\/\" \/>\n<meta property=\"og:locale\" content=\"vi_VN\" \/>\n<meta property=\"og:type\" content=\"article\" \/>\n<meta property=\"og:title\" content=\"Qu\u1ea7n short n\u1eef \u0111\u00f9i 2 l\u1edbp c\u1ea1p cao d\u00e1ng A c\u00f3 t\u00fai thanh l\u1ecbch - Tiemnhamay\" \/>\n<meta property=\"og:description\" content=\"Qu\u1ea7n short n\u1eef c\u1ea1p cao d\u00e1ng A 2 l\u1edbp, thi\u1ebft k\u1ebf tr\u1ebb trung, t\u00f4n d\u00e1ng, c\u00f3 t\u00fai ti\u1ec7n l\u1ee3i, ph\u00f9 h\u1ee3p \u0111i ch\u01a1i v\u00e0 d\u1ea1o ph\u1ed1\" \/>\n<meta property=\"og:url\" content=\"https:\/\/tiemnhamay.azdigi.shop\/index.php\/san-pham\/quan-short-nu-2-lop-cap-cao\/\" \/>\n<meta property=\"og:site_name\" content=\"Tiemnhamay\" \/>\n<meta property=\"article:modified_time\" content=\"2026-04-15T03:50:21+00:00\" \/>\n<meta property=\"og:image\" content=\"https:\/\/tiemnhamay.azdigi.shop\/wp-content\/uploads\/2026\/04\/vn-11134207-81ztc-mlbj64li4vsy4d.webp\" \/>\n\t<meta property=\"og:image:width\" content=\"900\" \/>\n\t<meta property=\"og:image:height\" content=\"900\" \/>\n\t<meta property=\"og:image:type\" content=\"image\/webp\" \/>\n<meta name=\"twitter:card\" content=\"summary_large_image\" \/>\n<meta name=\"twitter:label1\" content=\"\u01af\u1edbc t\u00ednh th\u1eddi gian \u0111\u1ecdc\" \/>\n\t<meta name=\"twitter:data1\" content=\"2 ph\u00fat\" \/>\n<script type=\"application\/ld+json\" class=\"yoast-schema-graph\">{\"@context\":\"https:\/\/schema.org\",\"@graph\":[{\"@type\":\"WebPage\",\"@id\":\"https:\/\/tiemnhamay.azdigi.shop\/index.php\/san-pham\/quan-short-nu-2-lop-cap-cao\/\",\"url\":\"https:\/\/tiemnhamay.azdigi.shop\/index.php\/san-pham\/quan-short-nu-2-lop-cap-cao\/\",\"name\":\"Qu\u1ea7n short n\u1eef \u0111\u00f9i 2 l\u1edbp c\u1ea1p cao d\u00e1ng A c\u00f3 t\u00fai thanh l\u1ecbch - Tiemnhamay\",\"isPartOf\":{\"@id\":\"https:\/\/tiemnhamay.azdigi.shop\/#website\"},\"primaryImageOfPage\":{\"@id\":\"https:\/\/tiemnhamay.azdigi.shop\/index.php\/san-pham\/quan-short-nu-2-lop-cap-cao\/#primaryimage\"},\"image\":{\"@id\":\"https:\/\/tiemnhamay.azdigi.shop\/index.php\/san-pham\/quan-short-nu-2-lop-cap-cao\/#primaryimage\"},\"thumbnailUrl\":\"https:\/\/tiemnhamay.azdigi.shop\/wp-content\/uploads\/2026\/04\/vn-11134207-81ztc-mlbj64li4vsy4d.webp\",\"datePublished\":\"2026-04-10T05:12:38+00:00\",\"dateModified\":\"2026-04-15T03:50:21+00:00\",\"description\":\"Qu\u1ea7n short n\u1eef c\u1ea1p cao d\u00e1ng A 2 l\u1edbp, thi\u1ebft k\u1ebf tr\u1ebb trung, t\u00f4n d\u00e1ng, c\u00f3 t\u00fai ti\u1ec7n l\u1ee3i, ph\u00f9 h\u1ee3p \u0111i ch\u01a1i v\u00e0 d\u1ea1o ph\u1ed1\",\"breadcrumb\":{\"@id\":\"https:\/\/tiemnhamay.azdigi.shop\/index.php\/san-pham\/quan-short-nu-2-lop-cap-cao\/#breadcrumb\"},\"inLanguage\":\"vi\",\"potentialAction\":[{\"@type\":\"ReadAction\",\"target\":[\"https:\/\/tiemnhamay.azdigi.shop\/index.php\/san-pham\/quan-short-nu-2-lop-cap-cao\/\"]}]},{\"@type\":\"ImageObject\",\"inLanguage\":\"vi\",\"@id\":\"https:\/\/tiemnhamay.azdigi.shop\/index.php\/san-pham\/quan-short-nu-2-lop-cap-cao\/#primaryimage\",\"url\":\"https:\/\/tiemnhamay.azdigi.shop\/wp-content\/uploads\/2026\/04\/vn-11134207-81ztc-mlbj64li4vsy4d.webp\",\"contentUrl\":\"https:\/\/tiemnhamay.azdigi.shop\/wp-content\/uploads\/2026\/04\/vn-11134207-81ztc-mlbj64li4vsy4d.webp\",\"width\":900,\"height\":900},{\"@type\":\"BreadcrumbList\",\"@id\":\"https:\/\/tiemnhamay.azdigi.shop\/index.php\/san-pham\/quan-short-nu-2-lop-cap-cao\/#breadcrumb\",\"itemListElement\":[{\"@type\":\"ListItem\",\"position\":1,\"name\":\"Trang ch\u1ee7\",\"item\":\"https:\/\/tiemnhamay.azdigi.shop\/\"},{\"@type\":\"ListItem\",\"position\":2,\"name\":\"C\u1eeda h\u00e0ng\",\"item\":\"https:\/\/tiemnhamay.azdigi.shop\/index.php\/cua-hang\/\"},{\"@type\":\"ListItem\",\"position\":3,\"name\":\"Qu\u1ea7n short n\u1eef \u0111\u00f9i 2 l\u1edbp c\u1ea1p cao d\u00e1ng A c\u00f3 t\u00fai thanh l\u1ecbch\"}]},{\"@type\":\"WebSite\",\"@id\":\"https:\/\/tiemnhamay.azdigi.shop\/#website\",\"url\":\"https:\/\/tiemnhamay.azdigi.shop\/\",\"name\":\"Tiemnhamay\",\"description\":\"\",\"potentialAction\":[{\"@type\":\"SearchAction\",\"target\":{\"@type\":\"EntryPoint\",\"urlTemplate\":\"https:\/\/tiemnhamay.azdigi.shop\/?s={search_term_string}\"},\"query-input\":{\"@type\":\"PropertyValueSpecification\",\"valueRequired\":true,\"valueName\":\"search_term_string\"}}],\"inLanguage\":\"vi\"}]}<\/script>\n<!-- \/ Yoast SEO plugin. -->","yoast_head_json":{"title":"Qu\u1ea7n short n\u1eef \u0111\u00f9i 2 l\u1edbp c\u1ea1p cao d\u00e1ng A c\u00f3 t\u00fai thanh l\u1ecbch - Tiemnhamay","description":"Qu\u1ea7n short n\u1eef c\u1ea1p cao d\u00e1ng A 2 l\u1edbp, thi\u1ebft k\u1ebf tr\u1ebb trung, t\u00f4n d\u00e1ng, c\u00f3 t\u00fai ti\u1ec7n l\u1ee3i, ph\u00f9 h\u1ee3p \u0111i ch\u01a1i v\u00e0 d\u1ea1o ph\u1ed1","robots":{"index":"index","follow":"follow","max-snippet":"max-snippet:-1","max-image-preview":"max-image-preview:large","max-video-preview":"max-video-preview:-1"},"canonical":"https:\/\/tiemnhamay.azdigi.shop\/index.php\/san-pham\/quan-short-nu-2-lop-cap-cao\/","og_locale":"vi_VN","og_type":"article","og_title":"Qu\u1ea7n short n\u1eef \u0111\u00f9i 2 l\u1edbp c\u1ea1p cao d\u00e1ng A c\u00f3 t\u00fai thanh l\u1ecbch - Tiemnhamay","og_description":"Qu\u1ea7n short n\u1eef c\u1ea1p cao d\u00e1ng A 2 l\u1edbp, thi\u1ebft k\u1ebf tr\u1ebb trung, t\u00f4n d\u00e1ng, c\u00f3 t\u00fai ti\u1ec7n l\u1ee3i, ph\u00f9 h\u1ee3p \u0111i ch\u01a1i v\u00e0 d\u1ea1o ph\u1ed1","og_url":"https:\/\/tiemnhamay.azdigi.shop\/index.php\/san-pham\/quan-short-nu-2-lop-cap-cao\/","og_site_name":"Tiemnhamay","article_modified_time":"2026-04-15T03:50:21+00:00","og_image":[{"width":900,"height":900,"url":"https:\/\/tiemnhamay.azdigi.shop\/wp-content\/uploads\/2026\/04\/vn-11134207-81ztc-mlbj64li4vsy4d.webp","type":"image\/webp"}],"twitter_card":"summary_large_image","twitter_misc":{"\u01af\u1edbc t\u00ednh th\u1eddi gian \u0111\u1ecdc":"2 ph\u00fat"},"schema":{"@context":"https:\/\/schema.org","@graph":[{"@type":"WebPage","@id":"https:\/\/tiemnhamay.azdigi.shop\/index.php\/san-pham\/quan-short-nu-2-lop-cap-cao\/","url":"https:\/\/tiemnhamay.azdigi.shop\/index.php\/san-pham\/quan-short-nu-2-lop-cap-cao\/","name":"Qu\u1ea7n short n\u1eef \u0111\u00f9i 2 l\u1edbp c\u1ea1p cao d\u00e1ng A c\u00f3 t\u00fai thanh l\u1ecbch - Tiemnhamay","isPartOf":{"@id":"https:\/\/tiemnhamay.azdigi.shop\/#website"},"primaryImageOfPage":{"@id":"https:\/\/tiemnhamay.azdigi.shop\/index.php\/san-pham\/quan-short-nu-2-lop-cap-cao\/#primaryimage"},"image":{"@id":"https:\/\/tiemnhamay.azdigi.shop\/index.php\/san-pham\/quan-short-nu-2-lop-cap-cao\/#primaryimage"},"thumbnailUrl":"https:\/\/tiemnhamay.azdigi.shop\/wp-content\/uploads\/2026\/04\/vn-11134207-81ztc-mlbj64li4vsy4d.webp","datePublished":"2026-04-10T05:12:38+00:00","dateModified":"2026-04-15T03:50:21+00:00","description":"Qu\u1ea7n short n\u1eef c\u1ea1p cao d\u00e1ng A 2 l\u1edbp, thi\u1ebft k\u1ebf tr\u1ebb trung, t\u00f4n d\u00e1ng, c\u00f3 t\u00fai ti\u1ec7n l\u1ee3i, ph\u00f9 h\u1ee3p \u0111i ch\u01a1i v\u00e0 d\u1ea1o ph\u1ed1","breadcrumb":{"@id":"https:\/\/tiemnhamay.azdigi.shop\/index.php\/san-pham\/quan-short-nu-2-lop-cap-cao\/#breadcrumb"},"inLanguage":"vi","potentialAction":[{"@type":"ReadAction","target":["https:\/\/tiemnhamay.azdigi.shop\/index.php\/san-pham\/quan-short-nu-2-lop-cap-cao\/"]}]},{"@type":"ImageObject","inLanguage":"vi","@id":"https:\/\/tiemnhamay.azdigi.shop\/index.php\/san-pham\/quan-short-nu-2-lop-cap-cao\/#primaryimage","url":"https:\/\/tiemnhamay.azdigi.shop\/wp-content\/uploads\/2026\/04\/vn-11134207-81ztc-mlbj64li4vsy4d.webp","contentUrl":"https:\/\/tiemnhamay.azdigi.shop\/wp-content\/uploads\/2026\/04\/vn-11134207-81ztc-mlbj64li4vsy4d.webp","width":900,"height":900},{"@type":"BreadcrumbList","@id":"https:\/\/tiemnhamay.azdigi.shop\/index.php\/san-pham\/quan-short-nu-2-lop-cap-cao\/#breadcrumb","itemListElement":[{"@type":"ListItem","position":1,"name":"Trang ch\u1ee7","item":"https:\/\/tiemnhamay.azdigi.shop\/"},{"@type":"ListItem","position":2,"name":"C\u1eeda h\u00e0ng","item":"https:\/\/tiemnhamay.azdigi.shop\/index.php\/cua-hang\/"},{"@type":"ListItem","position":3,"name":"Qu\u1ea7n short n\u1eef \u0111\u00f9i 2 l\u1edbp c\u1ea1p cao d\u00e1ng A c\u00f3 t\u00fai thanh l\u1ecbch"}]},{"@type":"WebSite","@id":"https:\/\/tiemnhamay.azdigi.shop\/#website","url":"https:\/\/tiemnhamay.azdigi.shop\/","name":"Tiemnhamay","description":"","potentialAction":[{"@type":"SearchAction","target":{"@type":"EntryPoint","urlTemplate":"https:\/\/tiemnhamay.azdigi.shop\/?s={search_term_string}"},"query-input":{"@type":"PropertyValueSpecification","valueRequired":true,"valueName":"search_term_string"}}],"inLanguage":"vi"}]}},"_links":{"self":[{"href":"https:\/\/tiemnhamay.azdigi.shop\/index.php\/wp-json\/wp\/v2\/product\/367","targetHints":{"allow":["GET"]}}],"collection":[{"href":"https:\/\/tiemnhamay.azdigi.shop\/index.php\/wp-json\/wp\/v2\/product"}],"about":[{"href":"https:\/\/tiemnhamay.azdigi.shop\/index.php\/wp-json\/wp\/v2\/types\/product"}],"replies":[{"embeddable":true,"href":"https:\/\/tiemnhamay.azdigi.shop\/index.php\/wp-json\/wp\/v2\/comments?post=367"}],"wp:featuredmedia":[{"embeddable":true,"href":"https:\/\/tiemnhamay.azdigi.shop\/index.php\/wp-json\/wp\/v2\/media\/368"}],"wp:attachment":[{"href":"https:\/\/tiemnhamay.azdigi.shop\/index.php\/wp-json\/wp\/v2\/media?parent=367"}],"wp:term":[{"taxonomy":"product_brand","embeddable":true,"href":"https:\/\/tiemnhamay.azdigi.shop\/index.php\/wp-json\/wp\/v2\/product_brand?post=367"},{"taxonomy":"product_cat","embeddable":true,"href":"https:\/\/tiemnhamay.azdigi.shop\/index.php\/wp-json\/wp\/v2\/product_cat?post=367"},{"taxonomy":"product_tag","embeddable":true,"href":"https:\/\/tiemnhamay.azdigi.shop\/index.php\/wp-json\/wp\/v2\/product_tag?post=367"}],"curies":[{"name":"wp","href":"https:\/\/api.w.org\/{rel}","templated":true}]}}