{"id":382,"date":"2026-04-10T05:20:35","date_gmt":"2026-04-10T05:20:35","guid":{"rendered":"https:\/\/tiemnhamay.azdigi.shop\/?post_type=product&#038;p=382"},"modified":"2026-04-18T03:43:29","modified_gmt":"2026-04-18T03:43:29","slug":"ao-so-mi-babydoll-tho-puka-top-tay-coc-vien-ren-mac-2-kieu","status":"publish","type":"product","link":"https:\/\/tiemnhamay.azdigi.shop\/index.php\/san-pham\/ao-so-mi-babydoll-tho-puka-top-tay-coc-vien-ren-mac-2-kieu\/","title":{"rendered":"\u00c1o s\u01a1 mi babydoll th\u00f4 PUKA TOP tay c\u1ed9c vi\u1ec1n ren m\u1eb7c 2 ki\u1ec3u"},"content":{"rendered":"<h2 data-section-id=\"cnjqty\" data-start=\"318\" data-end=\"364\">\ud83d\udd38 \u00c1o s\u01a1 mi babydoll th\u00f4 tr\u1ebb trung, n\u1eef t\u00ednh<\/h2>\n<p data-start=\"366\" data-end=\"537\">\u00c1o s\u01a1 mi babydoll th\u00f4 l\u00e0 item kh\u00f4ng th\u1ec3 thi\u1ebfu trong t\u1ee7 \u0111\u1ed3 m\u00f9a h\u00e8. Thi\u1ebft k\u1ebf mang phong c\u00e1ch nh\u1eb9 nh\u00e0ng v\u00e0 \u0111\u00e1ng y\u00eau. S\u1ea3n ph\u1ea9m gi\u00fap b\u1ea1n tr\u1edf n\u00ean n\u1ed5i b\u1eadt v\u00e0 t\u1ef1 tin h\u01a1n m\u1ed7i ng\u00e0y.<\/p>\n<h2 data-section-id=\"xzdrqn\" data-start=\"539\" data-end=\"579\">\ud83d\udd38 Thi\u1ebft k\u1ebf babydoll che d\u00e1ng, d\u1ec5 m\u1eb7c<\/h2>\n<p data-start=\"581\" data-end=\"752\">Form babydoll r\u1ed9ng r\u00e3i v\u00e0 tho\u1ea3i m\u00e1i. Khi m\u1eb7c l\u00ean gi\u00fap che khuy\u1ebft \u0111i\u1ec3m t\u1ed1t. D\u00e1ng \u00e1o ph\u00f9 h\u1ee3p v\u1edbi nhi\u1ec1u v\u00f3c d\u00e1ng kh\u00e1c nhau. \u0110\u00e2y l\u00e0 l\u1ef1a ch\u1ecdn ho\u00e0n h\u1ea3o cho c\u1ea3 \u0111i ch\u01a1i v\u00e0 \u0111i l\u00e0m.<\/p>\n<p data-start=\"754\" data-end=\"889\">Ph\u1ea7n v\u1ea1t \u00e1o \u0111\u01b0\u1ee3c thi\u1ebft k\u1ebf b\u1ea5t \u0111\u1ed1i x\u1ee9ng. Chi ti\u1ebft n\u00e0y t\u1ea1o \u0111i\u1ec3m nh\u1ea5n m\u1edbi l\u1ea1 v\u00e0 th\u1eddi trang. Khi m\u1eb7c l\u00ean gi\u00fap t\u1ed5ng th\u1ec3 tr\u1edf n\u00ean c\u00e1 t\u00ednh h\u01a1n.<\/p>\n<h2 data-section-id=\"18skemj\" data-start=\"891\" data-end=\"930\">\ud83d\udd38 Vi\u1ec1n ren tinh t\u1ebf, m\u1eb7c \u0111\u01b0\u1ee3c 2 ki\u1ec3u<\/h2>\n<p data-start=\"932\" data-end=\"1086\">\u00c1o \u0111\u01b0\u1ee3c \u0111i\u1ec3m xuy\u1ebft vi\u1ec1n ren m\u1ec1m m\u1ea1i. Thi\u1ebft k\u1ebf n\u00e0y mang l\u1ea1i c\u1ea3m gi\u00e1c n\u1eef t\u00ednh v\u00e0 sang tr\u1ecdng. \u0110\u00e2y l\u00e0 chi ti\u1ebft gi\u00fap s\u1ea3n ph\u1ea9m n\u1ed5i b\u1eadt h\u01a1n so v\u1edbi c\u00e1c m\u1eabu basic.<\/p>\n<p data-start=\"1088\" data-end=\"1259\">S\u1ea3n ph\u1ea9m c\u00f3 th\u1ec3 m\u1eb7c theo 2 ki\u1ec3u kh\u00e1c nhau. B\u1ea1n c\u00f3 th\u1ec3 m\u1eb7c bu\u00f4ng nh\u1eb9 nh\u00e0ng ho\u1eb7c ph\u1ed1i s\u00e1ng t\u1ea1o theo phong c\u00e1ch ri\u00eang. \u0110i\u1ec1u n\u00e0y gi\u00fap t\u0103ng t\u00ednh \u1ee9ng d\u1ee5ng trong nhi\u1ec1u ho\u00e0n c\u1ea3nh.<\/p>\n<h2 data-section-id=\"1469e7y\" data-start=\"1261\" data-end=\"1300\">\ud83d\udd38 Ch\u1ea5t li\u1ec7u th\u00f4 tho\u00e1ng m\u00e1t, d\u1ec5 ch\u1ecbu<\/h2>\n<p data-start=\"1302\" data-end=\"1428\">Ch\u1ea5t v\u1ea3i th\u00f4 m\u1ec1m v\u00e0 tho\u00e1ng kh\u00ed. Khi m\u1eb7c kh\u00f4ng g\u00e2y b\u00ed b\u00e1ch. V\u1ea3i gi\u1eef form t\u1ed1t v\u00e0 \u00edt nh\u0103n. B\u1ea1n c\u00f3 th\u1ec3 s\u1eed d\u1ee5ng l\u00e2u d\u00e0i m\u00e0 v\u1eabn \u0111\u1eb9p.<\/p>\n<h2 data-section-id=\"1ssr0a9\" data-start=\"1430\" data-end=\"1465\">\ud83d\udd38 D\u1ec5 ph\u1ed1i \u0111\u1ed3, ph\u00f9 h\u1ee3p nhi\u1ec1u d\u1ecbp<\/h2>\n<p data-start=\"1467\" data-end=\"1625\">\u00c1o s\u01a1 mi babydoll th\u00f4 d\u1ec5 ph\u1ed1i v\u1edbi qu\u1ea7n short, ch\u00e2n v\u00e1y ho\u1eb7c qu\u1ea7n d\u00e0i. M\u1ed7i c\u00e1ch mix \u0111\u1ec1u mang l\u1ea1i phong c\u00e1ch ri\u00eang. B\u1ea1n c\u00f3 th\u1ec3 m\u1eb7c \u0111i h\u1ecdc, \u0111i ch\u01a1i ho\u1eb7c d\u1ea1o ph\u1ed1.<\/p>\n<p data-start=\"1627\" data-end=\"1703\">\ud83d\udc49 Xem th\u00eam t\u1ea1i: \/danh-muc\/ao-nu<br data-start=\"1659\" data-end=\"1662\" \/>\ud83d\udc49 G\u1ee3i \u00fd ph\u1ed1i \u0111\u1ed3: \/danh-muc\/chan-vay-nu<\/p>\n<p data-start=\"1705\" data-end=\"1784\">B\u1ea1n c\u00f3 th\u1ec3 tham kh\u1ea3o xu h\u01b0\u1edbng th\u1eddi trang t\u1ea1i \ud83d\udc49 <a class=\"decorated-link\" href=\"https:\/\/www.vogue.com\/fashion\" target=\"_new\" rel=\"noopener\" data-start=\"1753\" data-end=\"1782\">https:\/\/www.vogue.com\/fashion<\/a><\/p>\n","protected":false},"excerpt":{"rendered":"<p>\u00c1o s\u01a1 mi babydoll th\u00f4 PUKA TOP tay c\u1ed9c vi\u1ec1n ren, thi\u1ebft k\u1ebf m\u1eb7c 2 ki\u1ec3u, tr\u1ebb trung, d\u1ec5 ph\u1ed1i \u0111\u1ed3, ph\u00f9 h\u1ee3p \u0111i ch\u01a1i v\u00e0 d\u1ea1o ph\u1ed1.<\/p>\n","protected":false},"featured_media":384,"comment_status":"open","ping_status":"closed","template":"","meta":[],"product_brand":[],"product_cat":[29,30],"product_tag":[],"class_list":{"0":"post-382","1":"product","2":"type-product","3":"status-publish","4":"has-post-thumbnail","6":"product_cat-cong-so","7":"product_cat-di-choi","9":"first","10":"instock","11":"shipping-taxable","12":"purchasable","13":"product-type-variable"},"yoast_head":"<!-- This site is optimized with the Yoast SEO plugin v26.9 - https:\/\/yoast.com\/product\/yoast-seo-wordpress\/ -->\n<title>\u00c1o s\u01a1 mi babydoll th\u00f4 PUKA TOP tay c\u1ed9c vi\u1ec1n ren m\u1eb7c 2 ki\u1ec3u - Tiemnhamay<\/title>\n<meta name=\"description\" content=\"\u00c1o s\u01a1 mi babydoll th\u00f4 PUKA TOP tay c\u1ed9c vi\u1ec1n ren, thi\u1ebft k\u1ebf m\u1eb7c 2 ki\u1ec3u, tr\u1ebb trung, d\u1ec5 ph\u1ed1i \u0111\u1ed3, ph\u00f9 h\u1ee3p \u0111i ch\u01a1i v\u00e0 d\u1ea1o ph\u1ed1.\" \/>\n<meta name=\"robots\" content=\"index, follow, max-snippet:-1, max-image-preview:large, max-video-preview:-1\" \/>\n<link rel=\"canonical\" href=\"https:\/\/tiemnhamay.azdigi.shop\/index.php\/san-pham\/ao-so-mi-babydoll-tho-puka-top-tay-coc-vien-ren-mac-2-kieu\/\" \/>\n<meta property=\"og:locale\" content=\"vi_VN\" \/>\n<meta property=\"og:type\" content=\"article\" \/>\n<meta property=\"og:title\" content=\"\u00c1o s\u01a1 mi babydoll th\u00f4 PUKA TOP tay c\u1ed9c vi\u1ec1n ren m\u1eb7c 2 ki\u1ec3u - Tiemnhamay\" \/>\n<meta property=\"og:description\" content=\"\u00c1o s\u01a1 mi babydoll th\u00f4 PUKA TOP tay c\u1ed9c vi\u1ec1n ren, thi\u1ebft k\u1ebf m\u1eb7c 2 ki\u1ec3u, tr\u1ebb trung, d\u1ec5 ph\u1ed1i \u0111\u1ed3, ph\u00f9 h\u1ee3p \u0111i ch\u01a1i v\u00e0 d\u1ea1o ph\u1ed1.\" \/>\n<meta property=\"og:url\" content=\"https:\/\/tiemnhamay.azdigi.shop\/index.php\/san-pham\/ao-so-mi-babydoll-tho-puka-top-tay-coc-vien-ren-mac-2-kieu\/\" \/>\n<meta property=\"og:site_name\" content=\"Tiemnhamay\" \/>\n<meta property=\"article:modified_time\" content=\"2026-04-18T03:43:29+00:00\" \/>\n<meta property=\"og:image\" content=\"https:\/\/tiemnhamay.azdigi.shop\/wp-content\/uploads\/2026\/04\/vn-11134207-7ras8-masl91sbb0758e.webp\" \/>\n\t<meta property=\"og:image:width\" content=\"800\" \/>\n\t<meta property=\"og:image:height\" content=\"800\" \/>\n\t<meta property=\"og:image:type\" content=\"image\/webp\" \/>\n<meta name=\"twitter:card\" content=\"summary_large_image\" \/>\n<meta name=\"twitter:label1\" content=\"\u01af\u1edbc t\u00ednh th\u1eddi gian \u0111\u1ecdc\" \/>\n\t<meta name=\"twitter:data1\" content=\"2 ph\u00fat\" \/>\n<script type=\"application\/ld+json\" class=\"yoast-schema-graph\">{\"@context\":\"https:\/\/schema.org\",\"@graph\":[{\"@type\":\"WebPage\",\"@id\":\"https:\/\/tiemnhamay.azdigi.shop\/index.php\/san-pham\/ao-so-mi-babydoll-tho-puka-top-tay-coc-vien-ren-mac-2-kieu\/\",\"url\":\"https:\/\/tiemnhamay.azdigi.shop\/index.php\/san-pham\/ao-so-mi-babydoll-tho-puka-top-tay-coc-vien-ren-mac-2-kieu\/\",\"name\":\"\u00c1o s\u01a1 mi babydoll th\u00f4 PUKA TOP tay c\u1ed9c vi\u1ec1n ren m\u1eb7c 2 ki\u1ec3u - Tiemnhamay\",\"isPartOf\":{\"@id\":\"https:\/\/tiemnhamay.azdigi.shop\/#website\"},\"primaryImageOfPage\":{\"@id\":\"https:\/\/tiemnhamay.azdigi.shop\/index.php\/san-pham\/ao-so-mi-babydoll-tho-puka-top-tay-coc-vien-ren-mac-2-kieu\/#primaryimage\"},\"image\":{\"@id\":\"https:\/\/tiemnhamay.azdigi.shop\/index.php\/san-pham\/ao-so-mi-babydoll-tho-puka-top-tay-coc-vien-ren-mac-2-kieu\/#primaryimage\"},\"thumbnailUrl\":\"https:\/\/tiemnhamay.azdigi.shop\/wp-content\/uploads\/2026\/04\/vn-11134207-7ras8-masl91sbb0758e.webp\",\"datePublished\":\"2026-04-10T05:20:35+00:00\",\"dateModified\":\"2026-04-18T03:43:29+00:00\",\"description\":\"\u00c1o s\u01a1 mi babydoll th\u00f4 PUKA TOP tay c\u1ed9c vi\u1ec1n ren, thi\u1ebft k\u1ebf m\u1eb7c 2 ki\u1ec3u, tr\u1ebb trung, d\u1ec5 ph\u1ed1i \u0111\u1ed3, ph\u00f9 h\u1ee3p \u0111i ch\u01a1i v\u00e0 d\u1ea1o ph\u1ed1.\",\"breadcrumb\":{\"@id\":\"https:\/\/tiemnhamay.azdigi.shop\/index.php\/san-pham\/ao-so-mi-babydoll-tho-puka-top-tay-coc-vien-ren-mac-2-kieu\/#breadcrumb\"},\"inLanguage\":\"vi\",\"potentialAction\":[{\"@type\":\"ReadAction\",\"target\":[\"https:\/\/tiemnhamay.azdigi.shop\/index.php\/san-pham\/ao-so-mi-babydoll-tho-puka-top-tay-coc-vien-ren-mac-2-kieu\/\"]}]},{\"@type\":\"ImageObject\",\"inLanguage\":\"vi\",\"@id\":\"https:\/\/tiemnhamay.azdigi.shop\/index.php\/san-pham\/ao-so-mi-babydoll-tho-puka-top-tay-coc-vien-ren-mac-2-kieu\/#primaryimage\",\"url\":\"https:\/\/tiemnhamay.azdigi.shop\/wp-content\/uploads\/2026\/04\/vn-11134207-7ras8-masl91sbb0758e.webp\",\"contentUrl\":\"https:\/\/tiemnhamay.azdigi.shop\/wp-content\/uploads\/2026\/04\/vn-11134207-7ras8-masl91sbb0758e.webp\",\"width\":800,\"height\":800},{\"@type\":\"BreadcrumbList\",\"@id\":\"https:\/\/tiemnhamay.azdigi.shop\/index.php\/san-pham\/ao-so-mi-babydoll-tho-puka-top-tay-coc-vien-ren-mac-2-kieu\/#breadcrumb\",\"itemListElement\":[{\"@type\":\"ListItem\",\"position\":1,\"name\":\"Trang ch\u1ee7\",\"item\":\"https:\/\/tiemnhamay.azdigi.shop\/\"},{\"@type\":\"ListItem\",\"position\":2,\"name\":\"C\u1eeda h\u00e0ng\",\"item\":\"https:\/\/tiemnhamay.azdigi.shop\/index.php\/cua-hang\/\"},{\"@type\":\"ListItem\",\"position\":3,\"name\":\"\u00c1o s\u01a1 mi babydoll th\u00f4 PUKA TOP tay c\u1ed9c vi\u1ec1n ren m\u1eb7c 2 ki\u1ec3u\"}]},{\"@type\":\"WebSite\",\"@id\":\"https:\/\/tiemnhamay.azdigi.shop\/#website\",\"url\":\"https:\/\/tiemnhamay.azdigi.shop\/\",\"name\":\"Tiemnhamay\",\"description\":\"\",\"potentialAction\":[{\"@type\":\"SearchAction\",\"target\":{\"@type\":\"EntryPoint\",\"urlTemplate\":\"https:\/\/tiemnhamay.azdigi.shop\/?s={search_term_string}\"},\"query-input\":{\"@type\":\"PropertyValueSpecification\",\"valueRequired\":true,\"valueName\":\"search_term_string\"}}],\"inLanguage\":\"vi\"}]}<\/script>\n<!-- \/ Yoast SEO plugin. -->","yoast_head_json":{"title":"\u00c1o s\u01a1 mi babydoll th\u00f4 PUKA TOP tay c\u1ed9c vi\u1ec1n ren m\u1eb7c 2 ki\u1ec3u - Tiemnhamay","description":"\u00c1o s\u01a1 mi babydoll th\u00f4 PUKA TOP tay c\u1ed9c vi\u1ec1n ren, thi\u1ebft k\u1ebf m\u1eb7c 2 ki\u1ec3u, tr\u1ebb trung, d\u1ec5 ph\u1ed1i \u0111\u1ed3, ph\u00f9 h\u1ee3p \u0111i ch\u01a1i v\u00e0 d\u1ea1o ph\u1ed1.","robots":{"index":"index","follow":"follow","max-snippet":"max-snippet:-1","max-image-preview":"max-image-preview:large","max-video-preview":"max-video-preview:-1"},"canonical":"https:\/\/tiemnhamay.azdigi.shop\/index.php\/san-pham\/ao-so-mi-babydoll-tho-puka-top-tay-coc-vien-ren-mac-2-kieu\/","og_locale":"vi_VN","og_type":"article","og_title":"\u00c1o s\u01a1 mi babydoll th\u00f4 PUKA TOP tay c\u1ed9c vi\u1ec1n ren m\u1eb7c 2 ki\u1ec3u - Tiemnhamay","og_description":"\u00c1o s\u01a1 mi babydoll th\u00f4 PUKA TOP tay c\u1ed9c vi\u1ec1n ren, thi\u1ebft k\u1ebf m\u1eb7c 2 ki\u1ec3u, tr\u1ebb trung, d\u1ec5 ph\u1ed1i \u0111\u1ed3, ph\u00f9 h\u1ee3p \u0111i ch\u01a1i v\u00e0 d\u1ea1o ph\u1ed1.","og_url":"https:\/\/tiemnhamay.azdigi.shop\/index.php\/san-pham\/ao-so-mi-babydoll-tho-puka-top-tay-coc-vien-ren-mac-2-kieu\/","og_site_name":"Tiemnhamay","article_modified_time":"2026-04-18T03:43:29+00:00","og_image":[{"width":800,"height":800,"url":"https:\/\/tiemnhamay.azdigi.shop\/wp-content\/uploads\/2026\/04\/vn-11134207-7ras8-masl91sbb0758e.webp","type":"image\/webp"}],"twitter_card":"summary_large_image","twitter_misc":{"\u01af\u1edbc t\u00ednh th\u1eddi gian \u0111\u1ecdc":"2 ph\u00fat"},"schema":{"@context":"https:\/\/schema.org","@graph":[{"@type":"WebPage","@id":"https:\/\/tiemnhamay.azdigi.shop\/index.php\/san-pham\/ao-so-mi-babydoll-tho-puka-top-tay-coc-vien-ren-mac-2-kieu\/","url":"https:\/\/tiemnhamay.azdigi.shop\/index.php\/san-pham\/ao-so-mi-babydoll-tho-puka-top-tay-coc-vien-ren-mac-2-kieu\/","name":"\u00c1o s\u01a1 mi babydoll th\u00f4 PUKA TOP tay c\u1ed9c vi\u1ec1n ren m\u1eb7c 2 ki\u1ec3u - Tiemnhamay","isPartOf":{"@id":"https:\/\/tiemnhamay.azdigi.shop\/#website"},"primaryImageOfPage":{"@id":"https:\/\/tiemnhamay.azdigi.shop\/index.php\/san-pham\/ao-so-mi-babydoll-tho-puka-top-tay-coc-vien-ren-mac-2-kieu\/#primaryimage"},"image":{"@id":"https:\/\/tiemnhamay.azdigi.shop\/index.php\/san-pham\/ao-so-mi-babydoll-tho-puka-top-tay-coc-vien-ren-mac-2-kieu\/#primaryimage"},"thumbnailUrl":"https:\/\/tiemnhamay.azdigi.shop\/wp-content\/uploads\/2026\/04\/vn-11134207-7ras8-masl91sbb0758e.webp","datePublished":"2026-04-10T05:20:35+00:00","dateModified":"2026-04-18T03:43:29+00:00","description":"\u00c1o s\u01a1 mi babydoll th\u00f4 PUKA TOP tay c\u1ed9c vi\u1ec1n ren, thi\u1ebft k\u1ebf m\u1eb7c 2 ki\u1ec3u, tr\u1ebb trung, d\u1ec5 ph\u1ed1i \u0111\u1ed3, ph\u00f9 h\u1ee3p \u0111i ch\u01a1i v\u00e0 d\u1ea1o ph\u1ed1.","breadcrumb":{"@id":"https:\/\/tiemnhamay.azdigi.shop\/index.php\/san-pham\/ao-so-mi-babydoll-tho-puka-top-tay-coc-vien-ren-mac-2-kieu\/#breadcrumb"},"inLanguage":"vi","potentialAction":[{"@type":"ReadAction","target":["https:\/\/tiemnhamay.azdigi.shop\/index.php\/san-pham\/ao-so-mi-babydoll-tho-puka-top-tay-coc-vien-ren-mac-2-kieu\/"]}]},{"@type":"ImageObject","inLanguage":"vi","@id":"https:\/\/tiemnhamay.azdigi.shop\/index.php\/san-pham\/ao-so-mi-babydoll-tho-puka-top-tay-coc-vien-ren-mac-2-kieu\/#primaryimage","url":"https:\/\/tiemnhamay.azdigi.shop\/wp-content\/uploads\/2026\/04\/vn-11134207-7ras8-masl91sbb0758e.webp","contentUrl":"https:\/\/tiemnhamay.azdigi.shop\/wp-content\/uploads\/2026\/04\/vn-11134207-7ras8-masl91sbb0758e.webp","width":800,"height":800},{"@type":"BreadcrumbList","@id":"https:\/\/tiemnhamay.azdigi.shop\/index.php\/san-pham\/ao-so-mi-babydoll-tho-puka-top-tay-coc-vien-ren-mac-2-kieu\/#breadcrumb","itemListElement":[{"@type":"ListItem","position":1,"name":"Trang ch\u1ee7","item":"https:\/\/tiemnhamay.azdigi.shop\/"},{"@type":"ListItem","position":2,"name":"C\u1eeda h\u00e0ng","item":"https:\/\/tiemnhamay.azdigi.shop\/index.php\/cua-hang\/"},{"@type":"ListItem","position":3,"name":"\u00c1o s\u01a1 mi babydoll th\u00f4 PUKA TOP tay c\u1ed9c vi\u1ec1n ren m\u1eb7c 2 ki\u1ec3u"}]},{"@type":"WebSite","@id":"https:\/\/tiemnhamay.azdigi.shop\/#website","url":"https:\/\/tiemnhamay.azdigi.shop\/","name":"Tiemnhamay","description":"","potentialAction":[{"@type":"SearchAction","target":{"@type":"EntryPoint","urlTemplate":"https:\/\/tiemnhamay.azdigi.shop\/?s={search_term_string}"},"query-input":{"@type":"PropertyValueSpecification","valueRequired":true,"valueName":"search_term_string"}}],"inLanguage":"vi"}]}},"_links":{"self":[{"href":"https:\/\/tiemnhamay.azdigi.shop\/index.php\/wp-json\/wp\/v2\/product\/382","targetHints":{"allow":["GET"]}}],"collection":[{"href":"https:\/\/tiemnhamay.azdigi.shop\/index.php\/wp-json\/wp\/v2\/product"}],"about":[{"href":"https:\/\/tiemnhamay.azdigi.shop\/index.php\/wp-json\/wp\/v2\/types\/product"}],"replies":[{"embeddable":true,"href":"https:\/\/tiemnhamay.azdigi.shop\/index.php\/wp-json\/wp\/v2\/comments?post=382"}],"wp:featuredmedia":[{"embeddable":true,"href":"https:\/\/tiemnhamay.azdigi.shop\/index.php\/wp-json\/wp\/v2\/media\/384"}],"wp:attachment":[{"href":"https:\/\/tiemnhamay.azdigi.shop\/index.php\/wp-json\/wp\/v2\/media?parent=382"}],"wp:term":[{"taxonomy":"product_brand","embeddable":true,"href":"https:\/\/tiemnhamay.azdigi.shop\/index.php\/wp-json\/wp\/v2\/product_brand?post=382"},{"taxonomy":"product_cat","embeddable":true,"href":"https:\/\/tiemnhamay.azdigi.shop\/index.php\/wp-json\/wp\/v2\/product_cat?post=382"},{"taxonomy":"product_tag","embeddable":true,"href":"https:\/\/tiemnhamay.azdigi.shop\/index.php\/wp-json\/wp\/v2\/product_tag?post=382"}],"curies":[{"name":"wp","href":"https:\/\/api.w.org\/{rel}","templated":true}]}}